{"id":20435,"date":"2022-07-03T18:57:25","date_gmt":"2022-07-03T18:57:25","guid":{"rendered":"https:\/\/swetele.com\/?page_id=20435"},"modified":"2022-07-03T19:03:59","modified_gmt":"2022-07-03T19:03:59","slug":"test","status":"publish","type":"page","link":"https:\/\/mundialinvest.com\/sv\/test\/","title":{"rendered":"test"},"content":{"rendered":"<div data-elementor-type=\"wp-page\" data-elementor-id=\"20435\" class=\"elementor elementor-20435\">\n\t\t\t\t\t\t<section class=\"elementor-section elementor-top-section elementor-element elementor-element-ca6e6b4 elementor-section-content-middle elementor-section-full_width elementor-section-height-default elementor-section-height-default\" data-id=\"ca6e6b4\" data-element_type=\"section\" data-settings=\"{&quot;background_background&quot;:&quot;classic&quot;}\">\n\t\t\t\t\t\t<div class=\"elementor-container elementor-column-gap-no\">\n\t\t\t\t\t<div class=\"elementor-column elementor-col-100 elementor-top-column elementor-element elementor-element-77cb3b5c\" data-id=\"77cb3b5c\" data-element_type=\"column\" data-settings=\"{&quot;background_background&quot;:&quot;classic&quot;}\">\n\t\t\t<div class=\"elementor-widget-wrap elementor-element-populated\">\n\t\t\t\t\t\t<section class=\"elementor-section elementor-inner-section elementor-element elementor-element-55e7a65d elementor-section-full_width elementor-section-height-default elementor-section-height-default\" data-id=\"55e7a65d\" data-element_type=\"section\">\n\t\t\t\t\t\t<div class=\"elementor-container elementor-column-gap-no\">\n\t\t\t\t\t<div class=\"elementor-column elementor-col-50 elementor-inner-column elementor-element elementor-element-21045a58\" data-id=\"21045a58\" data-element_type=\"column\" data-settings=\"{&quot;background_background&quot;:&quot;classic&quot;}\">\n\t\t\t<div class=\"elementor-widget-wrap elementor-element-populated\">\n\t\t\t\t\t\t<div class=\"elementor-element elementor-element-7cd7a705 elementor-widget__width-initial elementor-widget-mobile__width-inherit elementor-widget elementor-widget-heading\" data-id=\"7cd7a705\" data-element_type=\"widget\" data-widget_type=\"heading.default\">\n\t\t\t\t<div class=\"elementor-widget-container\">\n\t\t\t<style>\/*! elementor - v3.21.0 - 30-04-2024 *\/\n.elementor-heading-title{padding:0;margin:0;line-height:1}.elementor-widget-heading .elementor-heading-title[class*=elementor-size-]>a{color:inherit;font-size:inherit;line-height:inherit}.elementor-widget-heading .elementor-heading-title.elementor-size-small{font-size:15px}.elementor-widget-heading .elementor-heading-title.elementor-size-medium{font-size:19px}.elementor-widget-heading .elementor-heading-title.elementor-size-large{font-size:29px}.elementor-widget-heading .elementor-heading-title.elementor-size-xl{font-size:39px}.elementor-widget-heading .elementor-heading-title.elementor-size-xxl{font-size:59px}<\/style><h2 class=\"elementor-heading-title elementor-size-default\">DET \u00c4R DAGS ATT HITTA DITT LYXHEM<\/h2>\t\t<\/div>\n\t\t\t\t<\/div>\n\t\t\t\t<div class=\"elementor-element elementor-element-7e7a7018 elementor-widget__width-initial elementor-hidden-tablet elementor-hidden-mobile elementor-widget elementor-widget-text-editor\" data-id=\"7e7a7018\" data-element_type=\"widget\" data-widget_type=\"text-editor.default\">\n\t\t\t\t<div class=\"elementor-widget-container\">\n\t\t\t<style>\/*! elementor - v3.21.0 - 30-04-2024 *\/\n.elementor-widget-text-editor.elementor-drop-cap-view-stacked .elementor-drop-cap{background-color:#69727d;color:#fff}.elementor-widget-text-editor.elementor-drop-cap-view-framed .elementor-drop-cap{color:#69727d;border:3px solid;background-color:transparent}.elementor-widget-text-editor:not(.elementor-drop-cap-view-default) .elementor-drop-cap{margin-top:8px}.elementor-widget-text-editor:not(.elementor-drop-cap-view-default) .elementor-drop-cap-letter{width:1em;height:1em}.elementor-widget-text-editor .elementor-drop-cap{float:left;text-align:center;line-height:1;font-size:50px}.elementor-widget-text-editor .elementor-drop-cap-letter{display:inline-block}<\/style>\t\t\t\tMundial Invest \u00e4r en specialistfastighetsbyr\u00e5 som erbjuder exceptionella fastigheter och ett komplett utbud av fastighetstj\u00e4nster till internationella och nationella k\u00f6pare.\n\t\t\t\t\t\t<\/div>\n\t\t\t\t<\/div>\n\t\t\t\t\t<\/div>\n\t\t<\/div>\n\t\t\t\t<div class=\"elementor-column elementor-col-50 elementor-inner-column elementor-element elementor-element-50f34725\" data-id=\"50f34725\" data-element_type=\"column\" data-settings=\"{&quot;background_background&quot;:&quot;classic&quot;}\">\n\t\t\t<div class=\"elementor-widget-wrap elementor-element-populated\">\n\t\t\t\t\t\t\t<\/div>\n\t\t<\/div>\n\t\t\t\t\t<\/div>\n\t\t<\/section>\n\t\t\t\t<section class=\"elementor-section elementor-inner-section elementor-element elementor-element-648d7251 elementor-section-boxed elementor-section-height-default elementor-section-height-default\" data-id=\"648d7251\" data-element_type=\"section\">\n\t\t\t\t\t\t<div class=\"elementor-container elementor-column-gap-no\">\n\t\t\t\t\t<div class=\"elementor-column elementor-col-100 elementor-inner-column elementor-element elementor-element-934dbbf\" data-id=\"934dbbf\" data-element_type=\"column\">\n\t\t\t<div class=\"elementor-widget-wrap elementor-element-populated\">\n\t\t\t\t\t\t<div class=\"elementor-element elementor-element-5f4b166a elementor-absolute elementor-widget elementor-widget-WpResidence_Search_Form_Builder\" data-id=\"5f4b166a\" data-element_type=\"widget\" data-settings=\"{&quot;_position&quot;:&quot;absolute&quot;}\" data-widget_type=\"WpResidence_Search_Form_Builder.default\">\n\t\t\t\t<div class=\"elementor-widget-container\">\n\t\t\t   \n    <div class=\"search_wrapper search_wr_elementor search_wr_elementor_shadow_\"> \n        <div class=\"search_wrapper_color\"><\/div>\n        \n               \n        <div class=\"wpestate-adv-holder\">\n            <form role=\"search\" method=\"get\" action=\"https:\/\/mundialinvest.com\/sv\/property-listings\/\" data-trp-original-action=\"https:\/\/mundialinvest.com\/sv\/property-listings\/\" ><div class=\"elementor-field-group elementor-column form-group elementor-field-group-5a21b1d elementor-col-40\"> <label for=\"form-field-5a21b1d\" class=\"elementor-field-label\">Plats<\/label><input type=\"text\" id=\"adv_location_0\" class=\"form-control adv_locations_search\" name=\"adv_location\"  placeholder=\"Enter an address, state, city, area or zip code\" value=\"\"><script type=\"text\/javascript\">\n                       \/\/<![CDATA[\n                       jQuery(document).ready(function(){\n                            var availableTags = [\"Nueva Andaluc\u00eda\",\"Calvia\",\"Mijas\",\"Malaga\",\"Mallorca\",\"Benahav\u00eds\",\"Estepona\",\"Marbella\",\"Castellana\",\"Cala Magrana\",\"Felanitx\",\"Son Servera\",\"Manacor\",\"Cala Murada\",\"Cala Mendia\",\"Art\u00e0\",\"La Quinta\",\"Nag\u00fceles\",\"Cascada de Camojan\",\"Rio Real\",\"Guadalmina Baja\",\"La Zagaleta\",\"Calvi\u00e0\",\"Cala Vinyes\",\"Cala Marsal\",\"Mijas Pueblo\",\"Las Colinas De Marbella\",\"Los Monteros Altos\",\"La Montua\",\"Mijas Costa\",\"Casablanca\",\"Urb. Torre Bermeja\",\"Bahia del Velerin\",\"Cabopino\",\"Santa Catalina\",\"Son M\u00e1s\",\"Marbella Hill Club\",\"Ist\u00e1n\",\"El Paraiso Alto\",\"El Rosario\",\"Monte Mayor\",\"Velez-M\u00e1laga\",\"Torremolinos\",\"Petra\",\"Montuiri\",\"Calahonda\",\"Malaga\",\"Marbella Club Golf\",\"Manilva\",\"Rinc\u00f3n de la Victoria\",\"Puerto Ban\u00fas\",\"Estepona West\",\"San Pedro\",\"Los Flamingos\",\"Golden Mile Marbella\",\"New Golden Mile\",\"Estepona\",\"Benahavis\",\"Nueva Andalucia\",\"Marbella\",\"Andalucia\",];\n                            jQuery(\".adv_locations_search\").autocomplete({\n                                source: availableTags,\n                                change: function() {\n                                    wpestate_show_pins();\n                                }\n                            });\n                       });\n                       \/\/]]>\n                       <\/script><\/div><div class=\"elementor-field-group elementor-column form-group elementor-field-group-a5cfa26 elementor-col-20\"> <label for=\"form-field-a5cfa26\" class=\"elementor-field-label\">Type<\/label><div class=\"dropdown form-control\">\n        <div data-toggle=\"dropdown\" id=\"adv_actions\" class=\"filter_menu_trigger\" xxmaca cacaall property type data-value=\"all\">Property type\n            <span class=\"caret  caret_filter\"><\/span>\n            <\/div> <input type=\"hidden\" name=\"filter_search_action[]\" value=\"\">\n                <ul  id=\"actionslist\" class=\"dropdown-menu filter_menu\" role=\"menu\" aria-labelledby=\"adv_actions\">\n                    <li role=\"presentation\" data-value=\"all\">Property type<\/li> <li role=\"presentation\" data-value=\"all\">Types<\/li><li role=\"presentation\" data-value=\"new-developments\">Nya utvecklingar<\/li><li role=\"presentation\" data-value=\"sales\">F\u00f6rs\u00e4ljning<\/li>\n                <\/ul>\n            <\/div><\/div><div class=\"elementor-field-group elementor-column form-group elementor-field-group-356a11b elementor-col-20\"> <label for=\"form-field-356a11b\" class=\"elementor-field-label\">Kategori<\/label><div class=\"dropdown form-control\">\n        <div data-toggle=\"dropdown\" id=\"adv_categ\" class=\"filter_menu_trigger\" xxmaca cacaall property category data-value=\"all\">Fastighetskategori\n            <span class=\"caret  caret_filter\"><\/span>\n            <\/div> <input type=\"hidden\" name=\"filter_search_type[]\" value=\"\">\n                <ul  id=\"categlist\" class=\"dropdown-menu filter_menu\" role=\"menu\" aria-labelledby=\"adv_categ\">\n                    <li role=\"presentation\" data-value=\"all\">Fastighetskategori<\/li><li role=\"presentation\" data-value=\"all\">Kategorier<\/li><li role=\"presentation\" data-value=\"apartments\">L\u00e4genheter<\/li><li role=\"presentation\" data-value=\"duplexes\">Duplex<\/li><li role=\"presentation\" data-value=\"finca\">Finca<\/li><li role=\"presentation\" data-value=\"houses\">Hus<\/li><li role=\"presentation\" data-value=\"land\">Landa<\/li><li role=\"presentation\" data-value=\"off-plan-villa\">Off Plan Villa<\/li><li role=\"presentation\" data-value=\"penthouse\">Takv\u00e5ning<\/li><li role=\"presentation\" data-value=\"project\">Projekt<\/li><li role=\"presentation\" data-value=\"town-house\">Stadshus<\/li><li role=\"presentation\" data-value=\"villas\">Villor<\/li>\n                <\/ul>\n            <\/div><\/div><div class=\"elemenentor_submit_wrapper elementor-field-group form-group  form_field_show_labels_true  elementor-column elementor-col-20\" ><button name=\"submit\" type=\"submit\" class=\"wpresidence_button  search_button_use_hover_effect_no\"  value=\"Search\"><div class=\"elementor-icon\"><svg xmlns=\"http:\/\/www.w3.org\/2000\/svg\" xmlns:xlink=\"http:\/\/www.w3.org\/1999\/xlink\" id=\"Capa_1\" x=\"0px\" y=\"0px\" viewbox=\"0 0 52.966 52.966\" style=\"enable-background:new 0 0 52.966 52.966;\" xml:space=\"preserve\"><path d=\"M51.704,51.273L36.845,35.82c3.79-3.801,6.138-9.041,6.138-14.82c0-11.58-9.42-21-21-21s-21,9.42-21,21s9.42,21,21,21  c5.083,0,9.748-1.817,13.384-4.832l14.895,15.491c0.196,0.205,0.458,0.307,0.721,0.307c0.25,0,0.499-0.093,0.693-0.279  C52.074,52.304,52.086,51.671,51.704,51.273z M21.983,40c-10.477,0-19-8.523-19-19s8.523-19,19-19s19,8.523,19,19  S32.459,40,21.983,40z\"><\/path><g><\/g><g><\/g><g><\/g><g><\/g><g><\/g><g><\/g><g><\/g><g><\/g><g><\/g><g><\/g><g><\/g><g><\/g><g><\/g><g><\/g><g><\/g><\/svg><\/div>S\u00f6k<\/button><\/div><input type=\"hidden\" name=\"elementor_form_id\" value=\"20435\"><input type=\"hidden\" name=\"trp-form-language\" value=\"sv\"\/><\/form>        <\/div>\n        \n    <\/div>\n        \n    \t\t<\/div>\n\t\t\t\t<\/div>\n\t\t\t\t\t<\/div>\n\t\t<\/div>\n\t\t\t\t\t<\/div>\n\t\t<\/section>\n\t\t\t\t\t<\/div>\n\t\t<\/div>\n\t\t\t\t\t<\/div>\n\t\t<\/section>\n\t\t\t\t<section class=\"elementor-section elementor-top-section elementor-element elementor-element-35fd1d06 elementor-section-full_width elementor-section-content-middle elementor-section-height-default elementor-section-height-default\" data-id=\"35fd1d06\" data-element_type=\"section\" data-settings=\"{&quot;background_background&quot;:&quot;classic&quot;}\">\n\t\t\t\t\t\t<div class=\"elementor-container elementor-column-gap-no\">\n\t\t\t\t\t<div class=\"elementor-column elementor-col-100 elementor-top-column elementor-element elementor-element-5b4b802\" data-id=\"5b4b802\" data-element_type=\"column\">\n\t\t\t<div class=\"elementor-widget-wrap\">\n\t\t\t\t\t\t\t<\/div>\n\t\t<\/div>\n\t\t\t\t\t<\/div>\n\t\t<\/section>\n\t\t\t\t<\/div>","protected":false},"excerpt":{"rendered":"<p>IT&#8217;S TIME TO FIND YOUR LUXURY HOME Mundial Invest is a specialist real estate agency offering exceptional properties and a full range of property services to international and national buyers. Location Type Property type Property type Types Rentals Sales Category Property category Property category Categories Apartments Condos Duplexes Houses Industrial Land Offices Retail Villas Search<\/p>","protected":false},"author":1,"featured_media":0,"parent":0,"menu_order":0,"comment_status":"closed","ping_status":"closed","template":"elementor_header_footer","meta":{"om_disable_all_campaigns":false,"_monsterinsights_skip_tracking":false,"_monsterinsights_sitenote_active":false,"_monsterinsights_sitenote_note":"","_monsterinsights_sitenote_category":0,"footnotes":""},"class_list":["post-20435","page","type-page","status-publish","hentry"],"aioseo_notices":[],"yoast_head":"<!-- This site is optimized with the Yoast SEO plugin v22.6 - https:\/\/yoast.com\/wordpress\/plugins\/seo\/ -->\n<title>test - mundialinvest.com<\/title>\n<meta name=\"robots\" content=\"index, follow, max-snippet:-1, max-image-preview:large, max-video-preview:-1\" \/>\n<link rel=\"canonical\" href=\"https:\/\/mundialinvest.com\/sv\/test\/\" \/>\n<meta property=\"og:locale\" content=\"sv_SE\" \/>\n<meta property=\"og:type\" content=\"article\" \/>\n<meta property=\"og:title\" content=\"test - mundialinvest.com\" \/>\n<meta property=\"og:description\" content=\"IT&#8217;S TIME TO FIND YOUR LUXURY HOME Mundial Invest is a specialist real estate agency offering exceptional properties and a full range of property services to international and national buyers. Location Type Property type Property type Types Rentals Sales Category Property category Property category Categories Apartments Condos Duplexes Houses Industrial Land Offices Retail Villas Search\" \/>\n<meta property=\"og:url\" content=\"https:\/\/mundialinvest.com\/sv\/test\/\" \/>\n<meta property=\"og:site_name\" content=\"mundialinvest.com\" \/>\n<meta property=\"article:modified_time\" content=\"2022-07-03T19:03:59+00:00\" \/>\n<meta name=\"twitter:card\" content=\"summary_large_image\" \/>\n<script type=\"application\/ld+json\" class=\"yoast-schema-graph\">{\"@context\":\"https:\/\/schema.org\",\"@graph\":[{\"@type\":\"WebPage\",\"@id\":\"https:\/\/mundialinvest.com\/test\/\",\"url\":\"https:\/\/mundialinvest.com\/test\/\",\"name\":\"test - mundialinvest.com\",\"isPartOf\":{\"@id\":\"https:\/\/mundialinvest.com\/#website\"},\"datePublished\":\"2022-07-03T18:57:25+00:00\",\"dateModified\":\"2022-07-03T19:03:59+00:00\",\"breadcrumb\":{\"@id\":\"https:\/\/mundialinvest.com\/test\/#breadcrumb\"},\"inLanguage\":\"sv-SE\",\"potentialAction\":[{\"@type\":\"ReadAction\",\"target\":[\"https:\/\/mundialinvest.com\/test\/\"]}]},{\"@type\":\"BreadcrumbList\",\"@id\":\"https:\/\/mundialinvest.com\/test\/#breadcrumb\",\"itemListElement\":[{\"@type\":\"ListItem\",\"position\":1,\"name\":\"Home\",\"item\":\"https:\/\/mundialinvest.com\/\"},{\"@type\":\"ListItem\",\"position\":2,\"name\":\"test\"}]},{\"@type\":\"WebSite\",\"@id\":\"https:\/\/mundialinvest.com\/#website\",\"url\":\"https:\/\/mundialinvest.com\/\",\"name\":\"mundialinvest.com\",\"description\":\"Mundial Invest\",\"publisher\":{\"@id\":\"https:\/\/mundialinvest.com\/#organization\"},\"potentialAction\":[{\"@type\":\"SearchAction\",\"target\":{\"@type\":\"EntryPoint\",\"urlTemplate\":\"https:\/\/mundialinvest.com\/?s={search_term_string}\"},\"query-input\":\"required name=search_term_string\"}],\"inLanguage\":\"sv-SE\"},{\"@type\":\"Organization\",\"@id\":\"https:\/\/mundialinvest.com\/#organization\",\"name\":\"Mundial Invest\",\"url\":\"https:\/\/mundialinvest.com\/\",\"logo\":{\"@type\":\"ImageObject\",\"inLanguage\":\"sv-SE\",\"@id\":\"https:\/\/mundialinvest.com\/#\/schema\/logo\/image\/\",\"url\":\"http:\/\/mundialinvest.com\/wp-content\/uploads\/2022\/07\/Mundial-Invest-Logo-3-1-1-1.png\",\"contentUrl\":\"http:\/\/mundialinvest.com\/wp-content\/uploads\/2022\/07\/Mundial-Invest-Logo-3-1-1-1.png\",\"width\":260,\"height\":189,\"caption\":\"Mundial Invest\"},\"image\":{\"@id\":\"https:\/\/mundialinvest.com\/#\/schema\/logo\/image\/\"}}]}<\/script>\n<!-- \/ Yoast SEO plugin. -->","yoast_head_json":{"title":"test - mundialinvest.com","robots":{"index":"index","follow":"follow","max-snippet":"max-snippet:-1","max-image-preview":"max-image-preview:large","max-video-preview":"max-video-preview:-1"},"canonical":"https:\/\/mundialinvest.com\/sv\/test\/","og_locale":"sv_SE","og_type":"article","og_title":"test - mundialinvest.com","og_description":"IT&#8217;S TIME TO FIND YOUR LUXURY HOME Mundial Invest is a specialist real estate agency offering exceptional properties and a full range of property services to international and national buyers. Location Type Property type Property type Types Rentals Sales Category Property category Property category Categories Apartments Condos Duplexes Houses Industrial Land Offices Retail Villas Search","og_url":"https:\/\/mundialinvest.com\/sv\/test\/","og_site_name":"mundialinvest.com","article_modified_time":"2022-07-03T19:03:59+00:00","twitter_card":"summary_large_image","schema":{"@context":"https:\/\/schema.org","@graph":[{"@type":"WebPage","@id":"https:\/\/mundialinvest.com\/test\/","url":"https:\/\/mundialinvest.com\/test\/","name":"test - mundialinvest.com","isPartOf":{"@id":"https:\/\/mundialinvest.com\/#website"},"datePublished":"2022-07-03T18:57:25+00:00","dateModified":"2022-07-03T19:03:59+00:00","breadcrumb":{"@id":"https:\/\/mundialinvest.com\/test\/#breadcrumb"},"inLanguage":"sv-SE","potentialAction":[{"@type":"ReadAction","target":["https:\/\/mundialinvest.com\/test\/"]}]},{"@type":"BreadcrumbList","@id":"https:\/\/mundialinvest.com\/test\/#breadcrumb","itemListElement":[{"@type":"ListItem","position":1,"name":"Home","item":"https:\/\/mundialinvest.com\/"},{"@type":"ListItem","position":2,"name":"test"}]},{"@type":"WebSite","@id":"https:\/\/mundialinvest.com\/#website","url":"https:\/\/mundialinvest.com\/","name":"mundialinvest.com","description":"Mundial Invest","publisher":{"@id":"https:\/\/mundialinvest.com\/#organization"},"potentialAction":[{"@type":"SearchAction","target":{"@type":"EntryPoint","urlTemplate":"https:\/\/mundialinvest.com\/?s={search_term_string}"},"query-input":"required name=search_term_string"}],"inLanguage":"sv-SE"},{"@type":"Organization","@id":"https:\/\/mundialinvest.com\/#organization","name":"Mundial Invest","url":"https:\/\/mundialinvest.com\/","logo":{"@type":"ImageObject","inLanguage":"sv-SE","@id":"https:\/\/mundialinvest.com\/#\/schema\/logo\/image\/","url":"http:\/\/mundialinvest.com\/wp-content\/uploads\/2022\/07\/Mundial-Invest-Logo-3-1-1-1.png","contentUrl":"http:\/\/mundialinvest.com\/wp-content\/uploads\/2022\/07\/Mundial-Invest-Logo-3-1-1-1.png","width":260,"height":189,"caption":"Mundial Invest"},"image":{"@id":"https:\/\/mundialinvest.com\/#\/schema\/logo\/image\/"}}]}},"_links":{"self":[{"href":"https:\/\/mundialinvest.com\/sv\/wp-json\/wp\/v2\/pages\/20435"}],"collection":[{"href":"https:\/\/mundialinvest.com\/sv\/wp-json\/wp\/v2\/pages"}],"about":[{"href":"https:\/\/mundialinvest.com\/sv\/wp-json\/wp\/v2\/types\/page"}],"author":[{"embeddable":true,"href":"https:\/\/mundialinvest.com\/sv\/wp-json\/wp\/v2\/users\/1"}],"replies":[{"embeddable":true,"href":"https:\/\/mundialinvest.com\/sv\/wp-json\/wp\/v2\/comments?post=20435"}],"version-history":[{"count":10,"href":"https:\/\/mundialinvest.com\/sv\/wp-json\/wp\/v2\/pages\/20435\/revisions"}],"predecessor-version":[{"id":20453,"href":"https:\/\/mundialinvest.com\/sv\/wp-json\/wp\/v2\/pages\/20435\/revisions\/20453"}],"wp:attachment":[{"href":"https:\/\/mundialinvest.com\/sv\/wp-json\/wp\/v2\/media?parent=20435"}],"curies":[{"name":"wp","href":"https:\/\/api.w.org\/{rel}","templated":true}]}}