{"id":18153,"date":"2014-05-24T13:54:01","date_gmt":"2014-05-24T13:54:01","guid":{"rendered":"https:\/\/swetele.com\/?page_id=18153"},"modified":"2022-07-12T19:49:05","modified_gmt":"2022-07-12T19:49:05","slug":"privacy-policy-2","status":"publish","type":"page","link":"https:\/\/mundialinvest.com\/sv\/privacy-policy-2\/","title":{"rendered":"Integritetspolicy"},"content":{"rendered":"<p>Denna integritetspolicy styr det s\u00e4tt p\u00e5 vilket Mundial Invest samlar in, anv\u00e4nder, underh\u00e5ller och avsl\u00f6jar information som samlats in fr\u00e5n anv\u00e4ndare. Denna integritetspolicy g\u00e4ller f\u00f6r webbplatsen och alla produkter och tj\u00e4nster som erbjuds av Mundial Invest.<\/p>\n<p><b>Personlig identifieringsinformation<\/b><\/p>\n<p>Vi kan samla in personlig identifieringsinformation fr\u00e5n anv\u00e4ndare p\u00e5 en m\u00e4ngd olika s\u00e4tt i samband med aktiviteter, tj\u00e4nster, funktioner eller resurser som vi g\u00f6r tillg\u00e4ngliga p\u00e5 v\u00e5r webbplats. Anv\u00e4ndare kan bes\u00f6ka v\u00e5r webbplats anonymt. Vi kommer endast att samla in personlig identifieringsinformation fr\u00e5n anv\u00e4ndare om de frivilligt l\u00e4mnar in s\u00e5dan information till oss. Anv\u00e4ndare kan alltid v\u00e4gra att tillhandah\u00e5lla personlig identifieringsinformation, f\u00f6rutom att det kan hindra dem fr\u00e5n att delta i vissa webbplatsrelaterade aktiviteter.<\/p>\n<p><b>Icke-personlig identifieringsinformation<\/b><\/p>\n<p>Vi kan samla in icke-personlig identifieringsinformation om anv\u00e4ndare n\u00e4r de interagerar med v\u00e5r webbplats. Icke-personlig identifieringsinformation kan inkludera webbl\u00e4sarens namn, typen av dator och teknisk information om Anv\u00e4ndarnas s\u00e4tt att ansluta till v\u00e5r webbplats, s\u00e5som operativsystemet och de anv\u00e4nda Internetleverant\u00f6rerna och annan liknande information.<\/p>\n<p><b>Webbl\u00e4sarcookies<\/b><\/p>\n<p>V\u00e5r webbplats kan anv\u00e4nda cookies f\u00f6r att f\u00f6rb\u00e4ttra anv\u00e4ndarupplevelsen. Anv\u00e4ndarens webbl\u00e4sare placerar cookies p\u00e5 sin h\u00e5rddisk i journalsyften och ibland f\u00f6r att sp\u00e5ra information om dem. Anv\u00e4ndare kan v\u00e4lja att st\u00e4lla in sin webbl\u00e4sare s\u00e5 att den v\u00e4grar cookies eller att varna dig n\u00e4r cookies skickas. Om de g\u00f6r det, observera att vissa delar av webbplatsen kanske inte fungerar korrekt.<\/p>\n<p><b>Hur vi skyddar din information<\/b><\/p>\n<p>Vi antar l\u00e4mpliga rutiner f\u00f6r datainsamling, lagring och bearbetning och s\u00e4kerhets\u00e5tg\u00e4rder f\u00f6r att skydda mot obeh\u00f6rig \u00e5tkomst, \u00e4ndring, avsl\u00f6jande eller f\u00f6rst\u00f6relse av din personliga information, anv\u00e4ndarnamn, l\u00f6senord, transaktionsinformation och data som lagras p\u00e5 v\u00e5r webbplats.<\/p>\n<p><b>Dela din personliga information<\/b><\/p>\n<p>Vi s\u00e4ljer, byter eller hyr inte ut anv\u00e4ndarens personliga identifieringsinformation till andra. Vi kan komma att dela generisk aggregerad demografisk information som inte \u00e4r kopplad till n\u00e5gon personlig identifieringsinformation om bes\u00f6kare och anv\u00e4ndare med v\u00e5ra aff\u00e4rspartners, betrodda affiliates och annons\u00f6rer f\u00f6r de syften som beskrivs ovan.<\/p>\n<p><b>\u00c4ndringar av denna integritetspolicy<\/b><\/p>\n<p>Real Estate WordPress Theme har r\u00e4tt att uppdatera denna sekretesspolicy n\u00e4r som helst. N\u00e4r vi g\u00f6r det kommer vi att revidera det uppdaterade datumet l\u00e4ngst ner p\u00e5 denna sida. Vi uppmuntrar anv\u00e4ndare att regelbundet kontrollera den h\u00e4r sidan f\u00f6r \u00e4ndringar f\u00f6r att h\u00e5lla sig informerade om hur vi hj\u00e4lper till att skydda den personliga information vi samlar in. Du bekr\u00e4ftar och samtycker till att det \u00e4r ditt ansvar att regelbundet granska denna integritetspolicy och bli medveten om \u00e4ndringar.<\/p>\n<p><b>Ditt godk\u00e4nnande av dessa villkor<\/b><\/p>\n<p>Genom att anv\u00e4nda denna webbplats bekr\u00e4ftar du att du accepterar denna policy. Om du inte godk\u00e4nner denna policy, anv\u00e4nd inte v\u00e5r webbplats. Din fortsatta anv\u00e4ndning av webbplatsen efter publicering av \u00e4ndringar i denna policy kommer att anses som ditt godk\u00e4nnande av dessa \u00e4ndringar.<\/p>","protected":false},"excerpt":{"rendered":"<p>This Privacy Policy governs the manner in which Mundial Invest collects, uses, maintains and discloses information collected from users. This privacy policy applies to the Site and all products and services offered by Mundial Invest. Personal identification information We may collect personal identification information from Users in a variety of ways in connection with activities, services, features or resources we make available on our &#8230;<\/p>","protected":false},"author":1,"featured_media":0,"parent":0,"menu_order":0,"comment_status":"closed","ping_status":"closed","template":"","meta":{"om_disable_all_campaigns":false,"_monsterinsights_skip_tracking":false,"_monsterinsights_sitenote_active":false,"_monsterinsights_sitenote_note":"","_monsterinsights_sitenote_category":0,"footnotes":""},"class_list":["post-18153","page","type-page","status-publish","hentry"],"aioseo_notices":[],"yoast_head":"<!-- This site is optimized with the Yoast SEO plugin v22.6 - https:\/\/yoast.com\/wordpress\/plugins\/seo\/ -->\n<title>Privacy Policy - mundialinvest.com<\/title>\n<meta name=\"robots\" content=\"index, follow, max-snippet:-1, max-image-preview:large, max-video-preview:-1\" \/>\n<link rel=\"canonical\" href=\"https:\/\/mundialinvest.com\/sv\/privacy-policy-2\/\" \/>\n<meta property=\"og:locale\" content=\"sv_SE\" \/>\n<meta property=\"og:type\" content=\"article\" \/>\n<meta property=\"og:title\" content=\"Privacy Policy - mundialinvest.com\" \/>\n<meta property=\"og:description\" content=\"This Privacy Policy governs the manner in which Mundial Invest collects, uses, maintains and discloses information collected from users. This privacy policy applies to the Site and all products and services offered by Mundial Invest. Personal identification information We may collect personal identification information from Users in a variety of ways in connection with activities, services, features or resources we make available on our ...\" \/>\n<meta property=\"og:url\" content=\"https:\/\/mundialinvest.com\/sv\/privacy-policy-2\/\" \/>\n<meta property=\"og:site_name\" content=\"mundialinvest.com\" \/>\n<meta property=\"article:modified_time\" content=\"2022-07-12T19:49:05+00:00\" \/>\n<meta name=\"twitter:card\" content=\"summary_large_image\" \/>\n<meta name=\"twitter:label1\" content=\"Ber\u00e4knad l\u00e4stid\" \/>\n\t<meta name=\"twitter:data1\" content=\"2 minuter\" \/>\n<script type=\"application\/ld+json\" class=\"yoast-schema-graph\">{\"@context\":\"https:\/\/schema.org\",\"@graph\":[{\"@type\":\"WebPage\",\"@id\":\"https:\/\/mundialinvest.com\/privacy-policy-2\/\",\"url\":\"https:\/\/mundialinvest.com\/privacy-policy-2\/\",\"name\":\"Privacy Policy - mundialinvest.com\",\"isPartOf\":{\"@id\":\"https:\/\/mundialinvest.com\/#website\"},\"datePublished\":\"2014-05-24T13:54:01+00:00\",\"dateModified\":\"2022-07-12T19:49:05+00:00\",\"breadcrumb\":{\"@id\":\"https:\/\/mundialinvest.com\/privacy-policy-2\/#breadcrumb\"},\"inLanguage\":\"sv-SE\",\"potentialAction\":[{\"@type\":\"ReadAction\",\"target\":[\"https:\/\/mundialinvest.com\/privacy-policy-2\/\"]}]},{\"@type\":\"BreadcrumbList\",\"@id\":\"https:\/\/mundialinvest.com\/privacy-policy-2\/#breadcrumb\",\"itemListElement\":[{\"@type\":\"ListItem\",\"position\":1,\"name\":\"Home\",\"item\":\"https:\/\/mundialinvest.com\/\"},{\"@type\":\"ListItem\",\"position\":2,\"name\":\"Privacy Policy\"}]},{\"@type\":\"WebSite\",\"@id\":\"https:\/\/mundialinvest.com\/#website\",\"url\":\"https:\/\/mundialinvest.com\/\",\"name\":\"mundialinvest.com\",\"description\":\"Mundial Invest\",\"publisher\":{\"@id\":\"https:\/\/mundialinvest.com\/#organization\"},\"potentialAction\":[{\"@type\":\"SearchAction\",\"target\":{\"@type\":\"EntryPoint\",\"urlTemplate\":\"https:\/\/mundialinvest.com\/?s={search_term_string}\"},\"query-input\":\"required name=search_term_string\"}],\"inLanguage\":\"sv-SE\"},{\"@type\":\"Organization\",\"@id\":\"https:\/\/mundialinvest.com\/#organization\",\"name\":\"Mundial Invest\",\"url\":\"https:\/\/mundialinvest.com\/\",\"logo\":{\"@type\":\"ImageObject\",\"inLanguage\":\"sv-SE\",\"@id\":\"https:\/\/mundialinvest.com\/#\/schema\/logo\/image\/\",\"url\":\"http:\/\/mundialinvest.com\/wp-content\/uploads\/2022\/07\/Mundial-Invest-Logo-3-1-1-1.png\",\"contentUrl\":\"http:\/\/mundialinvest.com\/wp-content\/uploads\/2022\/07\/Mundial-Invest-Logo-3-1-1-1.png\",\"width\":260,\"height\":189,\"caption\":\"Mundial Invest\"},\"image\":{\"@id\":\"https:\/\/mundialinvest.com\/#\/schema\/logo\/image\/\"}}]}<\/script>\n<!-- \/ Yoast SEO plugin. -->","yoast_head_json":{"title":"Privacy Policy - mundialinvest.com","robots":{"index":"index","follow":"follow","max-snippet":"max-snippet:-1","max-image-preview":"max-image-preview:large","max-video-preview":"max-video-preview:-1"},"canonical":"https:\/\/mundialinvest.com\/sv\/privacy-policy-2\/","og_locale":"sv_SE","og_type":"article","og_title":"Privacy Policy - mundialinvest.com","og_description":"This Privacy Policy governs the manner in which Mundial Invest collects, uses, maintains and discloses information collected from users. This privacy policy applies to the Site and all products and services offered by Mundial Invest. Personal identification information We may collect personal identification information from Users in a variety of ways in connection with activities, services, features or resources we make available on our ...","og_url":"https:\/\/mundialinvest.com\/sv\/privacy-policy-2\/","og_site_name":"mundialinvest.com","article_modified_time":"2022-07-12T19:49:05+00:00","twitter_card":"summary_large_image","twitter_misc":{"Ber\u00e4knad l\u00e4stid":"2 minuter"},"schema":{"@context":"https:\/\/schema.org","@graph":[{"@type":"WebPage","@id":"https:\/\/mundialinvest.com\/privacy-policy-2\/","url":"https:\/\/mundialinvest.com\/privacy-policy-2\/","name":"Privacy Policy - mundialinvest.com","isPartOf":{"@id":"https:\/\/mundialinvest.com\/#website"},"datePublished":"2014-05-24T13:54:01+00:00","dateModified":"2022-07-12T19:49:05+00:00","breadcrumb":{"@id":"https:\/\/mundialinvest.com\/privacy-policy-2\/#breadcrumb"},"inLanguage":"sv-SE","potentialAction":[{"@type":"ReadAction","target":["https:\/\/mundialinvest.com\/privacy-policy-2\/"]}]},{"@type":"BreadcrumbList","@id":"https:\/\/mundialinvest.com\/privacy-policy-2\/#breadcrumb","itemListElement":[{"@type":"ListItem","position":1,"name":"Home","item":"https:\/\/mundialinvest.com\/"},{"@type":"ListItem","position":2,"name":"Privacy Policy"}]},{"@type":"WebSite","@id":"https:\/\/mundialinvest.com\/#website","url":"https:\/\/mundialinvest.com\/","name":"mundialinvest.com","description":"Mundial Invest","publisher":{"@id":"https:\/\/mundialinvest.com\/#organization"},"potentialAction":[{"@type":"SearchAction","target":{"@type":"EntryPoint","urlTemplate":"https:\/\/mundialinvest.com\/?s={search_term_string}"},"query-input":"required name=search_term_string"}],"inLanguage":"sv-SE"},{"@type":"Organization","@id":"https:\/\/mundialinvest.com\/#organization","name":"Mundial Invest","url":"https:\/\/mundialinvest.com\/","logo":{"@type":"ImageObject","inLanguage":"sv-SE","@id":"https:\/\/mundialinvest.com\/#\/schema\/logo\/image\/","url":"http:\/\/mundialinvest.com\/wp-content\/uploads\/2022\/07\/Mundial-Invest-Logo-3-1-1-1.png","contentUrl":"http:\/\/mundialinvest.com\/wp-content\/uploads\/2022\/07\/Mundial-Invest-Logo-3-1-1-1.png","width":260,"height":189,"caption":"Mundial Invest"},"image":{"@id":"https:\/\/mundialinvest.com\/#\/schema\/logo\/image\/"}}]}},"_links":{"self":[{"href":"https:\/\/mundialinvest.com\/sv\/wp-json\/wp\/v2\/pages\/18153"}],"collection":[{"href":"https:\/\/mundialinvest.com\/sv\/wp-json\/wp\/v2\/pages"}],"about":[{"href":"https:\/\/mundialinvest.com\/sv\/wp-json\/wp\/v2\/types\/page"}],"author":[{"embeddable":true,"href":"https:\/\/mundialinvest.com\/sv\/wp-json\/wp\/v2\/users\/1"}],"replies":[{"embeddable":true,"href":"https:\/\/mundialinvest.com\/sv\/wp-json\/wp\/v2\/comments?post=18153"}],"version-history":[{"count":3,"href":"https:\/\/mundialinvest.com\/sv\/wp-json\/wp\/v2\/pages\/18153\/revisions"}],"predecessor-version":[{"id":21538,"href":"https:\/\/mundialinvest.com\/sv\/wp-json\/wp\/v2\/pages\/18153\/revisions\/21538"}],"wp:attachment":[{"href":"https:\/\/mundialinvest.com\/sv\/wp-json\/wp\/v2\/media?parent=18153"}],"curies":[{"name":"wp","href":"https:\/\/api.w.org\/{rel}","templated":true}]}}