{"id":5707,"date":"2015-02-19T09:48:19","date_gmt":"2015-02-19T09:48:19","guid":{"rendered":"https:\/\/swetele.com\/?page_id=5707"},"modified":"2022-07-13T09:48:46","modified_gmt":"2022-07-13T09:48:46","slug":"contact-us","status":"publish","type":"page","link":"https:\/\/mundialinvest.com\/pl\/contact-us\/","title":{"rendered":"Skontaktuj si\u0119 z nami"},"content":{"rendered":"<div data-elementor-type=\"wp-page\" data-elementor-id=\"5707\" class=\"elementor elementor-5707\">\n\t\t\t\t\t\t<section class=\"elementor-section elementor-top-section elementor-element elementor-element-75d2b654 elementor-section-boxed elementor-section-height-default elementor-section-height-default\" data-id=\"75d2b654\" data-element_type=\"section\">\n\t\t\t\t\t\t<div class=\"elementor-container elementor-column-gap-default\">\n\t\t\t\t\t<div class=\"elementor-column elementor-col-100 elementor-top-column elementor-element elementor-element-69938eff\" data-id=\"69938eff\" data-element_type=\"column\">\n\t\t\t<div class=\"elementor-widget-wrap elementor-element-populated\">\n\t\t\t\t\t\t<div class=\"elementor-element elementor-element-5799a8d2 elementor-widget elementor-widget-text-editor\" data-id=\"5799a8d2\" data-element_type=\"widget\" data-widget_type=\"text-editor.default\">\n\t\t\t\t<div class=\"elementor-widget-container\">\n\t\t\t<style>\/*! elementor - v3.21.0 - 30-04-2024 *\/\n.elementor-widget-text-editor.elementor-drop-cap-view-stacked .elementor-drop-cap{background-color:#69727d;color:#fff}.elementor-widget-text-editor.elementor-drop-cap-view-framed .elementor-drop-cap{color:#69727d;border:3px solid;background-color:transparent}.elementor-widget-text-editor:not(.elementor-drop-cap-view-default) .elementor-drop-cap{margin-top:8px}.elementor-widget-text-editor:not(.elementor-drop-cap-view-default) .elementor-drop-cap-letter{width:1em;height:1em}.elementor-widget-text-editor .elementor-drop-cap{float:left;text-align:center;line-height:1;font-size:50px}.elementor-widget-text-editor .elementor-drop-cap-letter{display:inline-block}<\/style>\t\t\t\t<p>Niezale\u017cnie od tego, czy szukasz nieruchomo\u015bci na sprzeda\u017c w Hiszpanii, czy te\u017c nieruchomo\u015bci do wynaj\u0119cia, Mundial Invest u\u0142atwia wyszukiwanie. Skorzystaj z naszej unikalnej funkcji mapowania geolokalizacji, aby znale\u017a\u0107 idealn\u0105 will\u0119, dom miejski lub apartament i skontaktowa\u0107 si\u0119 bezpo\u015brednio z w\u0142a\u015bcicielami. Pomo\u017cemy Ci znale\u017a\u0107 wymarzony dom w kilka sekund.<\/p><p>Oferujemy naszym klientom bogat\u0105 wiedz\u0119 dotycz\u0105c\u0105 wszystkich aspekt\u00f3w zakupu lub sprzeda\u017cy domu. Niezale\u017cnie od tego, czy chodzi o pomoc w poszukiwaniu wymarzonego domu, om\u00f3wienie nowych projekt\u00f3w deweloperskich w Hiszpanii, czy pomoc w sprzeda\u017cy nieruchomo\u015bci, chcieliby\u015bmy skorzysta\u0107 z okazji. Prosimy o kontakt z nami w przypadku jakichkolwiek pyta\u0144!<\/p>\t\t\t\t\t\t<\/div>\n\t\t\t\t<\/div>\n\t\t\t\t\t<\/div>\n\t\t<\/div>\n\t\t\t\t\t<\/div>\n\t\t<\/section>\n\t\t\t\t<\/div>","protected":false},"excerpt":{"rendered":"<p>Whether you\u2019re looking for property for sale in Spain area or property for rent, Mundial Invest makes searching easy. Use our unique geolocation mapping feature to root-out your ideal villa, townhouse or apartment and contact the owners direct. We will help you find your dream house in just a few seconds. We offer our clients a wealth of knowledge regarding all aspects of purchasing &#8230;<\/p>","protected":false},"author":1,"featured_media":0,"parent":0,"menu_order":0,"comment_status":"open","ping_status":"open","template":"contact_page.php","meta":{"om_disable_all_campaigns":false,"_monsterinsights_skip_tracking":false,"_monsterinsights_sitenote_active":false,"_monsterinsights_sitenote_note":"","_monsterinsights_sitenote_category":0,"footnotes":""},"class_list":["post-5707","page","type-page","status-publish","hentry"],"aioseo_notices":[],"yoast_head":"<!-- This site is optimized with the Yoast SEO plugin v22.6 - https:\/\/yoast.com\/wordpress\/plugins\/seo\/ -->\n<title>Contact Us - mundialinvest.com<\/title>\n<meta name=\"description\" content=\"Whether you\u2019re looking for property for sale in Spain area or property for rent, Mundial Invest makes searching easy. Use our unique geolocation mapping feature to root-out your ideal villa, townhouse or apartment and contact the owners direct. We will help you find your dream house in just a few seconds.\" \/>\n<meta name=\"robots\" content=\"index, follow, max-snippet:-1, max-image-preview:large, max-video-preview:-1\" \/>\n<link rel=\"canonical\" href=\"https:\/\/mundialinvest.com\/pl\/contact-us\/\" \/>\n<meta property=\"og:locale\" content=\"pl_PL\" \/>\n<meta property=\"og:type\" content=\"article\" \/>\n<meta property=\"og:title\" content=\"Contact Us - mundialinvest.com\" \/>\n<meta property=\"og:description\" content=\"Whether you\u2019re looking for property for sale in Spain area or property for rent, Mundial Invest makes searching easy. Use our unique geolocation mapping feature to root-out your ideal villa, townhouse or apartment and contact the owners direct. We will help you find your dream house in just a few seconds.\" \/>\n<meta property=\"og:url\" content=\"https:\/\/mundialinvest.com\/pl\/contact-us\/\" \/>\n<meta property=\"og:site_name\" content=\"mundialinvest.com\" \/>\n<meta property=\"article:modified_time\" content=\"2022-07-13T09:48:46+00:00\" \/>\n<meta name=\"twitter:card\" content=\"summary_large_image\" \/>\n<meta name=\"twitter:label1\" content=\"Szacowany czas czytania\" \/>\n\t<meta name=\"twitter:data1\" content=\"1 minuta\" \/>\n<script type=\"application\/ld+json\" class=\"yoast-schema-graph\">{\"@context\":\"https:\/\/schema.org\",\"@graph\":[{\"@type\":\"WebPage\",\"@id\":\"https:\/\/mundialinvest.com\/contact-us\/\",\"url\":\"https:\/\/mundialinvest.com\/contact-us\/\",\"name\":\"Contact Us - mundialinvest.com\",\"isPartOf\":{\"@id\":\"https:\/\/mundialinvest.com\/#website\"},\"datePublished\":\"2015-02-19T09:48:19+00:00\",\"dateModified\":\"2022-07-13T09:48:46+00:00\",\"description\":\"Whether you\u2019re looking for property for sale in Spain area or property for rent, Mundial Invest makes searching easy. Use our unique geolocation mapping feature to root-out your ideal villa, townhouse or apartment and contact the owners direct. We will help you find your dream house in just a few seconds.\",\"breadcrumb\":{\"@id\":\"https:\/\/mundialinvest.com\/contact-us\/#breadcrumb\"},\"inLanguage\":\"pl-PL\",\"potentialAction\":[{\"@type\":\"ReadAction\",\"target\":[\"https:\/\/mundialinvest.com\/contact-us\/\"]}]},{\"@type\":\"BreadcrumbList\",\"@id\":\"https:\/\/mundialinvest.com\/contact-us\/#breadcrumb\",\"itemListElement\":[{\"@type\":\"ListItem\",\"position\":1,\"name\":\"Home\",\"item\":\"https:\/\/mundialinvest.com\/\"},{\"@type\":\"ListItem\",\"position\":2,\"name\":\"Contact Us\"}]},{\"@type\":\"WebSite\",\"@id\":\"https:\/\/mundialinvest.com\/#website\",\"url\":\"https:\/\/mundialinvest.com\/\",\"name\":\"mundialinvest.com\",\"description\":\"Mundial Invest\",\"publisher\":{\"@id\":\"https:\/\/mundialinvest.com\/#organization\"},\"potentialAction\":[{\"@type\":\"SearchAction\",\"target\":{\"@type\":\"EntryPoint\",\"urlTemplate\":\"https:\/\/mundialinvest.com\/?s={search_term_string}\"},\"query-input\":\"required name=search_term_string\"}],\"inLanguage\":\"pl-PL\"},{\"@type\":\"Organization\",\"@id\":\"https:\/\/mundialinvest.com\/#organization\",\"name\":\"Mundial Invest\",\"url\":\"https:\/\/mundialinvest.com\/\",\"logo\":{\"@type\":\"ImageObject\",\"inLanguage\":\"pl-PL\",\"@id\":\"https:\/\/mundialinvest.com\/#\/schema\/logo\/image\/\",\"url\":\"http:\/\/mundialinvest.com\/wp-content\/uploads\/2022\/07\/Mundial-Invest-Logo-3-1-1-1.png\",\"contentUrl\":\"http:\/\/mundialinvest.com\/wp-content\/uploads\/2022\/07\/Mundial-Invest-Logo-3-1-1-1.png\",\"width\":260,\"height\":189,\"caption\":\"Mundial Invest\"},\"image\":{\"@id\":\"https:\/\/mundialinvest.com\/#\/schema\/logo\/image\/\"}}]}<\/script>\n<!-- \/ Yoast SEO plugin. -->","yoast_head_json":{"title":"Contact Us - mundialinvest.com","description":"Whether you\u2019re looking for property for sale in Spain area or property for rent, Mundial Invest makes searching easy. Use our unique geolocation mapping feature to root-out your ideal villa, townhouse or apartment and contact the owners direct. We will help you find your dream house in just a few seconds.","robots":{"index":"index","follow":"follow","max-snippet":"max-snippet:-1","max-image-preview":"max-image-preview:large","max-video-preview":"max-video-preview:-1"},"canonical":"https:\/\/mundialinvest.com\/pl\/contact-us\/","og_locale":"pl_PL","og_type":"article","og_title":"Contact Us - mundialinvest.com","og_description":"Whether you\u2019re looking for property for sale in Spain area or property for rent, Mundial Invest makes searching easy. Use our unique geolocation mapping feature to root-out your ideal villa, townhouse or apartment and contact the owners direct. We will help you find your dream house in just a few seconds.","og_url":"https:\/\/mundialinvest.com\/pl\/contact-us\/","og_site_name":"mundialinvest.com","article_modified_time":"2022-07-13T09:48:46+00:00","twitter_card":"summary_large_image","twitter_misc":{"Szacowany czas czytania":"1 minuta"},"schema":{"@context":"https:\/\/schema.org","@graph":[{"@type":"WebPage","@id":"https:\/\/mundialinvest.com\/contact-us\/","url":"https:\/\/mundialinvest.com\/contact-us\/","name":"Contact Us - mundialinvest.com","isPartOf":{"@id":"https:\/\/mundialinvest.com\/#website"},"datePublished":"2015-02-19T09:48:19+00:00","dateModified":"2022-07-13T09:48:46+00:00","description":"Whether you\u2019re looking for property for sale in Spain area or property for rent, Mundial Invest makes searching easy. Use our unique geolocation mapping feature to root-out your ideal villa, townhouse or apartment and contact the owners direct. We will help you find your dream house in just a few seconds.","breadcrumb":{"@id":"https:\/\/mundialinvest.com\/contact-us\/#breadcrumb"},"inLanguage":"pl-PL","potentialAction":[{"@type":"ReadAction","target":["https:\/\/mundialinvest.com\/contact-us\/"]}]},{"@type":"BreadcrumbList","@id":"https:\/\/mundialinvest.com\/contact-us\/#breadcrumb","itemListElement":[{"@type":"ListItem","position":1,"name":"Home","item":"https:\/\/mundialinvest.com\/"},{"@type":"ListItem","position":2,"name":"Contact Us"}]},{"@type":"WebSite","@id":"https:\/\/mundialinvest.com\/#website","url":"https:\/\/mundialinvest.com\/","name":"mundialinvest.com","description":"Mundial Invest","publisher":{"@id":"https:\/\/mundialinvest.com\/#organization"},"potentialAction":[{"@type":"SearchAction","target":{"@type":"EntryPoint","urlTemplate":"https:\/\/mundialinvest.com\/?s={search_term_string}"},"query-input":"required name=search_term_string"}],"inLanguage":"pl-PL"},{"@type":"Organization","@id":"https:\/\/mundialinvest.com\/#organization","name":"Mundial Invest","url":"https:\/\/mundialinvest.com\/","logo":{"@type":"ImageObject","inLanguage":"pl-PL","@id":"https:\/\/mundialinvest.com\/#\/schema\/logo\/image\/","url":"http:\/\/mundialinvest.com\/wp-content\/uploads\/2022\/07\/Mundial-Invest-Logo-3-1-1-1.png","contentUrl":"http:\/\/mundialinvest.com\/wp-content\/uploads\/2022\/07\/Mundial-Invest-Logo-3-1-1-1.png","width":260,"height":189,"caption":"Mundial Invest"},"image":{"@id":"https:\/\/mundialinvest.com\/#\/schema\/logo\/image\/"}}]}},"_links":{"self":[{"href":"https:\/\/mundialinvest.com\/pl\/wp-json\/wp\/v2\/pages\/5707"}],"collection":[{"href":"https:\/\/mundialinvest.com\/pl\/wp-json\/wp\/v2\/pages"}],"about":[{"href":"https:\/\/mundialinvest.com\/pl\/wp-json\/wp\/v2\/types\/page"}],"author":[{"embeddable":true,"href":"https:\/\/mundialinvest.com\/pl\/wp-json\/wp\/v2\/users\/1"}],"replies":[{"embeddable":true,"href":"https:\/\/mundialinvest.com\/pl\/wp-json\/wp\/v2\/comments?post=5707"}],"version-history":[{"count":14,"href":"https:\/\/mundialinvest.com\/pl\/wp-json\/wp\/v2\/pages\/5707\/revisions"}],"predecessor-version":[{"id":21599,"href":"https:\/\/mundialinvest.com\/pl\/wp-json\/wp\/v2\/pages\/5707\/revisions\/21599"}],"wp:attachment":[{"href":"https:\/\/mundialinvest.com\/pl\/wp-json\/wp\/v2\/media?parent=5707"}],"curies":[{"name":"wp","href":"https:\/\/api.w.org\/{rel}","templated":true}]}}