{"id":18153,"date":"2014-05-24T13:54:01","date_gmt":"2014-05-24T13:54:01","guid":{"rendered":"https:\/\/swetele.com\/?page_id=18153"},"modified":"2022-07-12T19:49:05","modified_gmt":"2022-07-12T19:49:05","slug":"privacy-policy-2","status":"publish","type":"page","link":"https:\/\/mundialinvest.com\/pl\/privacy-policy-2\/","title":{"rendered":"Polityka prywatno\u015bci"},"content":{"rendered":"<p>Niniejsza Polityka Prywatno\u015bci reguluje spos\u00f3b, w jaki Mundial Invest gromadzi, wykorzystuje, przechowuje i ujawnia informacje zebrane od u\u017cytkownik\u00f3w. Niniejsza polityka prywatno\u015bci dotyczy Witryny oraz wszystkich produkt\u00f3w i us\u0142ug oferowanych przez Mundial Invest.<\/p>\n<p><b>Dane osobowe<\/b><\/p>\n<p>Mo\u017cemy gromadzi\u0107 dane osobowe U\u017cytkownik\u00f3w na r\u00f3\u017cne sposoby w zwi\u0105zku z dzia\u0142aniami, us\u0142ugami, funkcjami lub zasobami, kt\u00f3re udost\u0119pniamy w naszej Witrynie. U\u017cytkownicy mog\u0105 odwiedza\u0107 nasz\u0105 Witryn\u0119 anonimowo. B\u0119dziemy zbiera\u0107 osobiste dane identyfikacyjne od U\u017cytkownik\u00f3w tylko wtedy, gdy dobrowolnie przeka\u017c\u0105 nam takie informacje. U\u017cytkownicy zawsze mog\u0105 odm\u00f3wi\u0107 podania danych osobowych, z wyj\u0105tkiem sytuacji, w kt\u00f3rych mo\u017ce to uniemo\u017cliwi\u0107 im anga\u017cowanie si\u0119 w okre\u015blone dzia\u0142ania zwi\u0105zane z Witryn\u0105.<\/p>\n<p><b>Nieosobowe informacje identyfikacyjne<\/b><\/p>\n<p>Mo\u017cemy gromadzi\u0107 nieosobowe informacje identyfikacyjne o U\u017cytkownikach za ka\u017cdym razem, gdy wchodz\u0105 oni w interakcj\u0119 z nasz\u0105 Witryn\u0105. Nieosobowe dane identyfikacyjne mog\u0105 obejmowa\u0107 nazw\u0119 przegl\u0105darki, typ komputera i informacje techniczne o sposobie \u0142\u0105czenia si\u0119 U\u017cytkownika z nasz\u0105 Witryn\u0105, takie jak system operacyjny i dostawcy us\u0142ug internetowych, z kt\u00f3rych korzystasz, oraz inne podobne informacje.<\/p>\n<p><b>Pliki cookie przegl\u0105darki internetowej<\/b><\/p>\n<p>Nasza Witryna mo\u017ce wykorzystywa\u0107 pliki cookie w celu poprawy komfortu u\u017cytkowania. Przegl\u0105darka internetowa u\u017cytkownika umieszcza pliki cookie na dysku twardym w celu prowadzenia dokumentacji, a czasem \u015bledzenia informacji o nich. U\u017cytkownik mo\u017ce ustawi\u0107 swoj\u0105 przegl\u0105dark\u0119 internetow\u0105 tak, aby odrzuca\u0142a pliki cookie lub ostrzega\u0142a o wysy\u0142aniu plik\u00f3w cookie. Je\u015bli to zrobi\u0105, nale\u017cy pami\u0119ta\u0107, \u017ce niekt\u00f3re cz\u0119\u015bci Witryny mog\u0105 nie dzia\u0142a\u0107 prawid\u0142owo.<\/p>\n<p><b>Jak chronimy Twoje dane<\/b><\/p>\n<p>Przyjmujemy odpowiednie praktyki gromadzenia, przechowywania i przetwarzania danych oraz \u015brodki bezpiecze\u0144stwa w celu ochrony przed nieautoryzowanym dost\u0119pem, zmian\u0105, ujawnieniem lub zniszczeniem danych osobowych, nazwy u\u017cytkownika, has\u0142a, informacji o transakcjach i danych przechowywanych w naszej Witrynie.<\/p>\n<p><b>Udost\u0119pnianie danych osobowych<\/b><\/p>\n<p>Nie sprzedajemy, nie wymieniamy ani nie wynajmujemy danych osobowych U\u017cytkownik\u00f3w innym osobom. Mo\u017cemy udost\u0119pnia\u0107 og\u00f3lne zagregowane informacje demograficzne niepowi\u0105zane z \u017cadnymi danymi osobowymi dotycz\u0105cymi odwiedzaj\u0105cych i u\u017cytkownik\u00f3w naszym partnerom biznesowym, zaufanym podmiotom stowarzyszonym i reklamodawcom w celach okre\u015blonych powy\u017cej.<\/p>\n<p><b>Zmiany w niniejszej polityce prywatno\u015bci<\/b><\/p>\n<p>Nieruchomo\u015bci Motyw WordPress ma prawo do aktualizacji niniejszej polityki prywatno\u015bci w dowolnym momencie. Kiedy to zrobimy, zmienimy zaktualizowan\u0105 dat\u0119 na dole tej strony. Zach\u0119camy U\u017cytkownik\u00f3w do cz\u0119stego sprawdzania tej strony pod k\u0105tem wszelkich zmian, aby by\u0107 na bie\u017c\u0105co z tym, w jaki spos\u00f3b pomagamy chroni\u0107 gromadzone przez nas dane osobowe. Przyjmujesz do wiadomo\u015bci i zgadzasz si\u0119, \u017ce Twoim obowi\u0105zkiem jest okresowe przegl\u0105danie niniejszej polityki prywatno\u015bci i zapoznawanie si\u0119 z modyfikacjami.<\/p>\n<p><b>Twoja akceptacja tych warunk\u00f3w<\/b><\/p>\n<p>Korzystaj\u0105c z tej Witryny, wyra\u017casz zgod\u0119 na t\u0119 polityk\u0119. Je\u015bli nie zgadzasz si\u0119 z t\u0105 polityk\u0105, nie korzystaj z naszej Witryny. Dalsze korzystanie z Witryny po opublikowaniu zmian w tej polityce b\u0119dzie r\u00f3wnoznaczne z akceptacj\u0105 tych zmian.<\/p>","protected":false},"excerpt":{"rendered":"<p>This Privacy Policy governs the manner in which Mundial Invest collects, uses, maintains and discloses information collected from users. This privacy policy applies to the Site and all products and services offered by Mundial Invest. Personal identification information We may collect personal identification information from Users in a variety of ways in connection with activities, services, features or resources we make available on our &#8230;<\/p>","protected":false},"author":1,"featured_media":0,"parent":0,"menu_order":0,"comment_status":"closed","ping_status":"closed","template":"","meta":{"om_disable_all_campaigns":false,"_monsterinsights_skip_tracking":false,"_monsterinsights_sitenote_active":false,"_monsterinsights_sitenote_note":"","_monsterinsights_sitenote_category":0,"footnotes":""},"class_list":["post-18153","page","type-page","status-publish","hentry"],"aioseo_notices":[],"yoast_head":"<!-- This site is optimized with the Yoast SEO plugin v22.6 - https:\/\/yoast.com\/wordpress\/plugins\/seo\/ -->\n<title>Privacy Policy - mundialinvest.com<\/title>\n<meta name=\"robots\" content=\"index, follow, max-snippet:-1, max-image-preview:large, max-video-preview:-1\" \/>\n<link rel=\"canonical\" href=\"https:\/\/mundialinvest.com\/pl\/privacy-policy-2\/\" \/>\n<meta property=\"og:locale\" content=\"pl_PL\" \/>\n<meta property=\"og:type\" content=\"article\" \/>\n<meta property=\"og:title\" content=\"Privacy Policy - mundialinvest.com\" \/>\n<meta property=\"og:description\" content=\"This Privacy Policy governs the manner in which Mundial Invest collects, uses, maintains and discloses information collected from users. This privacy policy applies to the Site and all products and services offered by Mundial Invest. Personal identification information We may collect personal identification information from Users in a variety of ways in connection with activities, services, features or resources we make available on our ...\" \/>\n<meta property=\"og:url\" content=\"https:\/\/mundialinvest.com\/pl\/privacy-policy-2\/\" \/>\n<meta property=\"og:site_name\" content=\"mundialinvest.com\" \/>\n<meta property=\"article:modified_time\" content=\"2022-07-12T19:49:05+00:00\" \/>\n<meta name=\"twitter:card\" content=\"summary_large_image\" \/>\n<meta name=\"twitter:label1\" content=\"Szacowany czas czytania\" \/>\n\t<meta name=\"twitter:data1\" content=\"2 minuty\" \/>\n<script type=\"application\/ld+json\" class=\"yoast-schema-graph\">{\"@context\":\"https:\/\/schema.org\",\"@graph\":[{\"@type\":\"WebPage\",\"@id\":\"https:\/\/mundialinvest.com\/privacy-policy-2\/\",\"url\":\"https:\/\/mundialinvest.com\/privacy-policy-2\/\",\"name\":\"Privacy Policy - mundialinvest.com\",\"isPartOf\":{\"@id\":\"https:\/\/mundialinvest.com\/#website\"},\"datePublished\":\"2014-05-24T13:54:01+00:00\",\"dateModified\":\"2022-07-12T19:49:05+00:00\",\"breadcrumb\":{\"@id\":\"https:\/\/mundialinvest.com\/privacy-policy-2\/#breadcrumb\"},\"inLanguage\":\"pl-PL\",\"potentialAction\":[{\"@type\":\"ReadAction\",\"target\":[\"https:\/\/mundialinvest.com\/privacy-policy-2\/\"]}]},{\"@type\":\"BreadcrumbList\",\"@id\":\"https:\/\/mundialinvest.com\/privacy-policy-2\/#breadcrumb\",\"itemListElement\":[{\"@type\":\"ListItem\",\"position\":1,\"name\":\"Home\",\"item\":\"https:\/\/mundialinvest.com\/\"},{\"@type\":\"ListItem\",\"position\":2,\"name\":\"Privacy Policy\"}]},{\"@type\":\"WebSite\",\"@id\":\"https:\/\/mundialinvest.com\/#website\",\"url\":\"https:\/\/mundialinvest.com\/\",\"name\":\"mundialinvest.com\",\"description\":\"Mundial Invest\",\"publisher\":{\"@id\":\"https:\/\/mundialinvest.com\/#organization\"},\"potentialAction\":[{\"@type\":\"SearchAction\",\"target\":{\"@type\":\"EntryPoint\",\"urlTemplate\":\"https:\/\/mundialinvest.com\/?s={search_term_string}\"},\"query-input\":\"required name=search_term_string\"}],\"inLanguage\":\"pl-PL\"},{\"@type\":\"Organization\",\"@id\":\"https:\/\/mundialinvest.com\/#organization\",\"name\":\"Mundial Invest\",\"url\":\"https:\/\/mundialinvest.com\/\",\"logo\":{\"@type\":\"ImageObject\",\"inLanguage\":\"pl-PL\",\"@id\":\"https:\/\/mundialinvest.com\/#\/schema\/logo\/image\/\",\"url\":\"http:\/\/mundialinvest.com\/wp-content\/uploads\/2022\/07\/Mundial-Invest-Logo-3-1-1-1.png\",\"contentUrl\":\"http:\/\/mundialinvest.com\/wp-content\/uploads\/2022\/07\/Mundial-Invest-Logo-3-1-1-1.png\",\"width\":260,\"height\":189,\"caption\":\"Mundial Invest\"},\"image\":{\"@id\":\"https:\/\/mundialinvest.com\/#\/schema\/logo\/image\/\"}}]}<\/script>\n<!-- \/ Yoast SEO plugin. -->","yoast_head_json":{"title":"Privacy Policy - mundialinvest.com","robots":{"index":"index","follow":"follow","max-snippet":"max-snippet:-1","max-image-preview":"max-image-preview:large","max-video-preview":"max-video-preview:-1"},"canonical":"https:\/\/mundialinvest.com\/pl\/privacy-policy-2\/","og_locale":"pl_PL","og_type":"article","og_title":"Privacy Policy - mundialinvest.com","og_description":"This Privacy Policy governs the manner in which Mundial Invest collects, uses, maintains and discloses information collected from users. This privacy policy applies to the Site and all products and services offered by Mundial Invest. Personal identification information We may collect personal identification information from Users in a variety of ways in connection with activities, services, features or resources we make available on our ...","og_url":"https:\/\/mundialinvest.com\/pl\/privacy-policy-2\/","og_site_name":"mundialinvest.com","article_modified_time":"2022-07-12T19:49:05+00:00","twitter_card":"summary_large_image","twitter_misc":{"Szacowany czas czytania":"2 minuty"},"schema":{"@context":"https:\/\/schema.org","@graph":[{"@type":"WebPage","@id":"https:\/\/mundialinvest.com\/privacy-policy-2\/","url":"https:\/\/mundialinvest.com\/privacy-policy-2\/","name":"Privacy Policy - mundialinvest.com","isPartOf":{"@id":"https:\/\/mundialinvest.com\/#website"},"datePublished":"2014-05-24T13:54:01+00:00","dateModified":"2022-07-12T19:49:05+00:00","breadcrumb":{"@id":"https:\/\/mundialinvest.com\/privacy-policy-2\/#breadcrumb"},"inLanguage":"pl-PL","potentialAction":[{"@type":"ReadAction","target":["https:\/\/mundialinvest.com\/privacy-policy-2\/"]}]},{"@type":"BreadcrumbList","@id":"https:\/\/mundialinvest.com\/privacy-policy-2\/#breadcrumb","itemListElement":[{"@type":"ListItem","position":1,"name":"Home","item":"https:\/\/mundialinvest.com\/"},{"@type":"ListItem","position":2,"name":"Privacy Policy"}]},{"@type":"WebSite","@id":"https:\/\/mundialinvest.com\/#website","url":"https:\/\/mundialinvest.com\/","name":"mundialinvest.com","description":"Mundial Invest","publisher":{"@id":"https:\/\/mundialinvest.com\/#organization"},"potentialAction":[{"@type":"SearchAction","target":{"@type":"EntryPoint","urlTemplate":"https:\/\/mundialinvest.com\/?s={search_term_string}"},"query-input":"required name=search_term_string"}],"inLanguage":"pl-PL"},{"@type":"Organization","@id":"https:\/\/mundialinvest.com\/#organization","name":"Mundial Invest","url":"https:\/\/mundialinvest.com\/","logo":{"@type":"ImageObject","inLanguage":"pl-PL","@id":"https:\/\/mundialinvest.com\/#\/schema\/logo\/image\/","url":"http:\/\/mundialinvest.com\/wp-content\/uploads\/2022\/07\/Mundial-Invest-Logo-3-1-1-1.png","contentUrl":"http:\/\/mundialinvest.com\/wp-content\/uploads\/2022\/07\/Mundial-Invest-Logo-3-1-1-1.png","width":260,"height":189,"caption":"Mundial Invest"},"image":{"@id":"https:\/\/mundialinvest.com\/#\/schema\/logo\/image\/"}}]}},"_links":{"self":[{"href":"https:\/\/mundialinvest.com\/pl\/wp-json\/wp\/v2\/pages\/18153"}],"collection":[{"href":"https:\/\/mundialinvest.com\/pl\/wp-json\/wp\/v2\/pages"}],"about":[{"href":"https:\/\/mundialinvest.com\/pl\/wp-json\/wp\/v2\/types\/page"}],"author":[{"embeddable":true,"href":"https:\/\/mundialinvest.com\/pl\/wp-json\/wp\/v2\/users\/1"}],"replies":[{"embeddable":true,"href":"https:\/\/mundialinvest.com\/pl\/wp-json\/wp\/v2\/comments?post=18153"}],"version-history":[{"count":3,"href":"https:\/\/mundialinvest.com\/pl\/wp-json\/wp\/v2\/pages\/18153\/revisions"}],"predecessor-version":[{"id":21538,"href":"https:\/\/mundialinvest.com\/pl\/wp-json\/wp\/v2\/pages\/18153\/revisions\/21538"}],"wp:attachment":[{"href":"https:\/\/mundialinvest.com\/pl\/wp-json\/wp\/v2\/media?parent=18153"}],"curies":[{"name":"wp","href":"https:\/\/api.w.org\/{rel}","templated":true}]}}