{"id":676,"date":"2014-05-30T12:07:14","date_gmt":"2014-05-30T12:07:14","guid":{"rendered":"https:\/\/swetele.com\/?page_id=676"},"modified":"2014-05-30T12:07:14","modified_gmt":"2014-05-30T12:07:14","slug":"agent-list-sidebar-left","status":"publish","type":"page","link":"https:\/\/mundialinvest.com\/fr\/agent-list-sidebar-left\/","title":{"rendered":"Liste des agents"},"content":{"rendered":"<p>Nous aimons nous consid\u00e9rer comme une petite agence de location et de gestion parfaitement form\u00e9e. En travaillant, vous obtenez l&#039;exposition, les connaissances et l&#039;expertise que vous attendez d&#039;un grand agent, mais le service que vous ne recevrez que d&#039;une petite entreprise construite autour de l&#039;orientation client et locataire de 100%.<\/p>\n<p>Que vous recherchiez une propri\u00e9t\u00e9 \u00e0 vendre dans la r\u00e9gion de New York ou une propri\u00e9t\u00e9 \u00e0 louer, WP Residence facilite la recherche. Utilisez notre fonction de cartographie de g\u00e9olocalisation unique pour localiser votre villa, maison de ville ou appartement id\u00e9al et contactez directement les propri\u00e9taires. Nous vous aiderons \u00e0 trouver la maison de vos r\u00eaves en quelques secondes.<\/p>","protected":false},"excerpt":{"rendered":"<p>We like to think of ourselves as a small but perfectly formed lettings &amp; management agency. Working you get the exposure, knowledge and expertise you would expect from a large agent, but the service you will only receive from a smaller business built around 100% client and tenant focus. Whether you\u2019re looking for property for sale in New York area or property for rent, &#8230;<\/p>","protected":false},"author":1,"featured_media":0,"parent":0,"menu_order":0,"comment_status":"open","ping_status":"open","template":"agents_list.php","meta":{"om_disable_all_campaigns":false,"_monsterinsights_skip_tracking":false,"_monsterinsights_sitenote_active":false,"_monsterinsights_sitenote_note":"","_monsterinsights_sitenote_category":0,"footnotes":""},"class_list":["post-676","page","type-page","status-publish","hentry"],"aioseo_notices":[],"yoast_head":"<!-- This site is optimized with the Yoast SEO plugin v22.6 - https:\/\/yoast.com\/wordpress\/plugins\/seo\/ -->\n<title>Agents List - mundialinvest.com<\/title>\n<meta name=\"robots\" content=\"index, follow, max-snippet:-1, max-image-preview:large, max-video-preview:-1\" \/>\n<link rel=\"canonical\" href=\"https:\/\/mundialinvest.com\/fr\/agent-list-sidebar-left\/\" \/>\n<meta property=\"og:locale\" content=\"fr_FR\" \/>\n<meta property=\"og:type\" content=\"article\" \/>\n<meta property=\"og:title\" content=\"Agents List - mundialinvest.com\" \/>\n<meta property=\"og:description\" content=\"We like to think of ourselves as a small but perfectly formed lettings &amp; management agency. Working you get the exposure, knowledge and expertise you would expect from a large agent, but the service you will only receive from a smaller business built around 100% client and tenant focus. Whether you\u2019re looking for property for sale in New York area or property for rent, ...\" \/>\n<meta property=\"og:url\" content=\"https:\/\/mundialinvest.com\/fr\/agent-list-sidebar-left\/\" \/>\n<meta property=\"og:site_name\" content=\"mundialinvest.com\" \/>\n<meta name=\"twitter:card\" content=\"summary_large_image\" \/>\n<meta name=\"twitter:label1\" content=\"Dur\u00e9e de lecture estim\u00e9e\" \/>\n\t<meta name=\"twitter:data1\" content=\"1 minute\" \/>\n<script type=\"application\/ld+json\" class=\"yoast-schema-graph\">{\"@context\":\"https:\/\/schema.org\",\"@graph\":[{\"@type\":\"WebPage\",\"@id\":\"https:\/\/mundialinvest.com\/agent-list-sidebar-left\/\",\"url\":\"https:\/\/mundialinvest.com\/agent-list-sidebar-left\/\",\"name\":\"Agents List - mundialinvest.com\",\"isPartOf\":{\"@id\":\"https:\/\/mundialinvest.com\/#website\"},\"datePublished\":\"2014-05-30T12:07:14+00:00\",\"dateModified\":\"2014-05-30T12:07:14+00:00\",\"breadcrumb\":{\"@id\":\"https:\/\/mundialinvest.com\/agent-list-sidebar-left\/#breadcrumb\"},\"inLanguage\":\"fr-FR\",\"potentialAction\":[{\"@type\":\"ReadAction\",\"target\":[\"https:\/\/mundialinvest.com\/agent-list-sidebar-left\/\"]}]},{\"@type\":\"BreadcrumbList\",\"@id\":\"https:\/\/mundialinvest.com\/agent-list-sidebar-left\/#breadcrumb\",\"itemListElement\":[{\"@type\":\"ListItem\",\"position\":1,\"name\":\"Home\",\"item\":\"https:\/\/mundialinvest.com\/\"},{\"@type\":\"ListItem\",\"position\":2,\"name\":\"Agents List\"}]},{\"@type\":\"WebSite\",\"@id\":\"https:\/\/mundialinvest.com\/#website\",\"url\":\"https:\/\/mundialinvest.com\/\",\"name\":\"mundialinvest.com\",\"description\":\"Mundial Invest\",\"publisher\":{\"@id\":\"https:\/\/mundialinvest.com\/#organization\"},\"potentialAction\":[{\"@type\":\"SearchAction\",\"target\":{\"@type\":\"EntryPoint\",\"urlTemplate\":\"https:\/\/mundialinvest.com\/?s={search_term_string}\"},\"query-input\":\"required name=search_term_string\"}],\"inLanguage\":\"fr-FR\"},{\"@type\":\"Organization\",\"@id\":\"https:\/\/mundialinvest.com\/#organization\",\"name\":\"Mundial Invest\",\"url\":\"https:\/\/mundialinvest.com\/\",\"logo\":{\"@type\":\"ImageObject\",\"inLanguage\":\"fr-FR\",\"@id\":\"https:\/\/mundialinvest.com\/#\/schema\/logo\/image\/\",\"url\":\"http:\/\/mundialinvest.com\/wp-content\/uploads\/2022\/07\/Mundial-Invest-Logo-3-1-1-1.png\",\"contentUrl\":\"http:\/\/mundialinvest.com\/wp-content\/uploads\/2022\/07\/Mundial-Invest-Logo-3-1-1-1.png\",\"width\":260,\"height\":189,\"caption\":\"Mundial Invest\"},\"image\":{\"@id\":\"https:\/\/mundialinvest.com\/#\/schema\/logo\/image\/\"}}]}<\/script>\n<!-- \/ Yoast SEO plugin. -->","yoast_head_json":{"title":"Agents List - mundialinvest.com","robots":{"index":"index","follow":"follow","max-snippet":"max-snippet:-1","max-image-preview":"max-image-preview:large","max-video-preview":"max-video-preview:-1"},"canonical":"https:\/\/mundialinvest.com\/fr\/agent-list-sidebar-left\/","og_locale":"fr_FR","og_type":"article","og_title":"Agents List - mundialinvest.com","og_description":"We like to think of ourselves as a small but perfectly formed lettings &amp; management agency. Working you get the exposure, knowledge and expertise you would expect from a large agent, but the service you will only receive from a smaller business built around 100% client and tenant focus. Whether you\u2019re looking for property for sale in New York area or property for rent, ...","og_url":"https:\/\/mundialinvest.com\/fr\/agent-list-sidebar-left\/","og_site_name":"mundialinvest.com","twitter_card":"summary_large_image","twitter_misc":{"Dur\u00e9e de lecture estim\u00e9e":"1 minute"},"schema":{"@context":"https:\/\/schema.org","@graph":[{"@type":"WebPage","@id":"https:\/\/mundialinvest.com\/agent-list-sidebar-left\/","url":"https:\/\/mundialinvest.com\/agent-list-sidebar-left\/","name":"Agents List - mundialinvest.com","isPartOf":{"@id":"https:\/\/mundialinvest.com\/#website"},"datePublished":"2014-05-30T12:07:14+00:00","dateModified":"2014-05-30T12:07:14+00:00","breadcrumb":{"@id":"https:\/\/mundialinvest.com\/agent-list-sidebar-left\/#breadcrumb"},"inLanguage":"fr-FR","potentialAction":[{"@type":"ReadAction","target":["https:\/\/mundialinvest.com\/agent-list-sidebar-left\/"]}]},{"@type":"BreadcrumbList","@id":"https:\/\/mundialinvest.com\/agent-list-sidebar-left\/#breadcrumb","itemListElement":[{"@type":"ListItem","position":1,"name":"Home","item":"https:\/\/mundialinvest.com\/"},{"@type":"ListItem","position":2,"name":"Agents List"}]},{"@type":"WebSite","@id":"https:\/\/mundialinvest.com\/#website","url":"https:\/\/mundialinvest.com\/","name":"mundialinvest.com","description":"Mundial Invest","publisher":{"@id":"https:\/\/mundialinvest.com\/#organization"},"potentialAction":[{"@type":"SearchAction","target":{"@type":"EntryPoint","urlTemplate":"https:\/\/mundialinvest.com\/?s={search_term_string}"},"query-input":"required name=search_term_string"}],"inLanguage":"fr-FR"},{"@type":"Organization","@id":"https:\/\/mundialinvest.com\/#organization","name":"Mundial Invest","url":"https:\/\/mundialinvest.com\/","logo":{"@type":"ImageObject","inLanguage":"fr-FR","@id":"https:\/\/mundialinvest.com\/#\/schema\/logo\/image\/","url":"http:\/\/mundialinvest.com\/wp-content\/uploads\/2022\/07\/Mundial-Invest-Logo-3-1-1-1.png","contentUrl":"http:\/\/mundialinvest.com\/wp-content\/uploads\/2022\/07\/Mundial-Invest-Logo-3-1-1-1.png","width":260,"height":189,"caption":"Mundial Invest"},"image":{"@id":"https:\/\/mundialinvest.com\/#\/schema\/logo\/image\/"}}]}},"_links":{"self":[{"href":"https:\/\/mundialinvest.com\/fr\/wp-json\/wp\/v2\/pages\/676"}],"collection":[{"href":"https:\/\/mundialinvest.com\/fr\/wp-json\/wp\/v2\/pages"}],"about":[{"href":"https:\/\/mundialinvest.com\/fr\/wp-json\/wp\/v2\/types\/page"}],"author":[{"embeddable":true,"href":"https:\/\/mundialinvest.com\/fr\/wp-json\/wp\/v2\/users\/1"}],"replies":[{"embeddable":true,"href":"https:\/\/mundialinvest.com\/fr\/wp-json\/wp\/v2\/comments?post=676"}],"version-history":[{"count":0,"href":"https:\/\/mundialinvest.com\/fr\/wp-json\/wp\/v2\/pages\/676\/revisions"}],"wp:attachment":[{"href":"https:\/\/mundialinvest.com\/fr\/wp-json\/wp\/v2\/media?parent=676"}],"curies":[{"name":"wp","href":"https:\/\/api.w.org\/{rel}","templated":true}]}}