{"id":18153,"date":"2014-05-24T13:54:01","date_gmt":"2014-05-24T13:54:01","guid":{"rendered":"https:\/\/swetele.com\/?page_id=18153"},"modified":"2022-07-12T19:49:05","modified_gmt":"2022-07-12T19:49:05","slug":"privacy-policy-2","status":"publish","type":"page","link":"https:\/\/mundialinvest.com\/fr\/privacy-policy-2\/","title":{"rendered":"Politique de confidentialit\u00e9"},"content":{"rendered":"<p>Cette politique de confidentialit\u00e9 r\u00e9git la mani\u00e8re dont Mundial Invest collecte, utilise, conserve et divulgue les informations collect\u00e9es aupr\u00e8s des utilisateurs. Cette politique de confidentialit\u00e9 s&#039;applique au Site et \u00e0 tous les produits et services propos\u00e9s par Mundial Invest.<\/p>\n<p><b>Informations d&#039;identification personnelle<\/b><\/p>\n<p>Nous pouvons collecter des informations d&#039;identification personnelle aupr\u00e8s des utilisateurs de diverses mani\u00e8res en relation avec les activit\u00e9s, services, fonctionnalit\u00e9s ou ressources que nous mettons \u00e0 disposition sur notre site. Les utilisateurs peuvent visiter notre site de mani\u00e8re anonyme. Nous ne collecterons les informations d&#039;identification personnelle des Utilisateurs que s&#039;ils nous soumettent volontairement ces informations. Les utilisateurs peuvent toujours refuser de fournir des informations d&#039;identification personnelle, sauf que cela peut les emp\u00eacher de s&#039;engager dans certaines activit\u00e9s li\u00e9es au site.<\/p>\n<p><b>Informations d&#039;identification non personnelles<\/b><\/p>\n<p>Nous pouvons collecter des informations d&#039;identification non personnelles sur les utilisateurs chaque fois qu&#039;ils interagissent avec notre site. Les informations d&#039;identification non personnelles peuvent inclure le nom du navigateur, le type d&#039;ordinateur et des informations techniques sur les moyens de connexion des utilisateurs \u00e0 notre site, tels que le syst\u00e8me d&#039;exploitation et les fournisseurs de services Internet utilis\u00e9s et d&#039;autres informations similaires.<\/p>\n<p><b>Cookies du navigateur Web<\/b><\/p>\n<p>Notre site peut utiliser des cookies pour am\u00e9liorer l&#039;exp\u00e9rience utilisateur. Le navigateur Web de l&#039;utilisateur place des cookies sur son disque dur \u00e0 des fins d&#039;enregistrement et parfois pour suivre les informations les concernant. L&#039;utilisateur peut choisir de configurer son navigateur Web pour refuser les cookies ou pour vous alerter lorsque des cookies sont envoy\u00e9s. S&#039;ils le font, notez que certaines parties du site peuvent ne pas fonctionner correctement.<\/p>\n<p><b>Comment nous prot\u00e9geons vos informations<\/b><\/p>\n<p>Nous adoptons des pratiques appropri\u00e9es de collecte, de stockage et de traitement des donn\u00e9es et des mesures de s\u00e9curit\u00e9 pour prot\u00e9ger contre l&#039;acc\u00e8s non autoris\u00e9, l&#039;alt\u00e9ration, la divulgation ou la destruction de vos informations personnelles, nom d&#039;utilisateur, mot de passe, informations de transaction et donn\u00e9es stock\u00e9es sur notre site.<\/p>\n<p><b>Partage de vos informations personnelles<\/b><\/p>\n<p>Nous ne vendons, n&#039;\u00e9changeons ni ne louons les informations d&#039;identification personnelle des utilisateurs \u00e0 des tiers. Nous pouvons partager des informations d\u00e9mographiques agr\u00e9g\u00e9es g\u00e9n\u00e9riques non li\u00e9es \u00e0 des informations d&#039;identification personnelle concernant les visiteurs et les utilisateurs avec nos partenaires commerciaux, nos affili\u00e9s de confiance et nos annonceurs aux fins d\u00e9crites ci-dessus.<\/p>\n<p><b>Modifications de cette politique de confidentialit\u00e9<\/b><\/p>\n<p>Le th\u00e8me WordPress de l&#039;immobilier a le pouvoir discr\u00e9tionnaire de mettre \u00e0 jour cette politique de confidentialit\u00e9 \u00e0 tout moment. Lorsque nous le ferons, nous r\u00e9viserons la date de mise \u00e0 jour au bas de cette page. Nous encourageons les utilisateurs \u00e0 consulter fr\u00e9quemment cette page pour tout changement afin de rester inform\u00e9s de la mani\u00e8re dont nous aidons \u00e0 prot\u00e9ger les informations personnelles que nous collectons. Vous reconnaissez et acceptez qu&#039;il est de votre responsabilit\u00e9 de revoir p\u00e9riodiquement cette politique de confidentialit\u00e9 et de prendre connaissance des modifications.<\/p>\n<p><b>Votre acceptation de ces termes<\/b><\/p>\n<p>En utilisant ce site, vous signifiez votre acceptation de cette politique. Si vous n&#039;acceptez pas cette politique, veuillez ne pas utiliser notre Site. Votre utilisation continue du site apr\u00e8s la publication des modifications apport\u00e9es \u00e0 cette politique sera consid\u00e9r\u00e9e comme votre acceptation de ces modifications.<\/p>","protected":false},"excerpt":{"rendered":"<p>This Privacy Policy governs the manner in which Mundial Invest collects, uses, maintains and discloses information collected from users. This privacy policy applies to the Site and all products and services offered by Mundial Invest. Personal identification information We may collect personal identification information from Users in a variety of ways in connection with activities, services, features or resources we make available on our &#8230;<\/p>","protected":false},"author":1,"featured_media":0,"parent":0,"menu_order":0,"comment_status":"closed","ping_status":"closed","template":"","meta":{"om_disable_all_campaigns":false,"_monsterinsights_skip_tracking":false,"_monsterinsights_sitenote_active":false,"_monsterinsights_sitenote_note":"","_monsterinsights_sitenote_category":0,"footnotes":""},"class_list":["post-18153","page","type-page","status-publish","hentry"],"aioseo_notices":[],"yoast_head":"<!-- This site is optimized with the Yoast SEO plugin v22.6 - https:\/\/yoast.com\/wordpress\/plugins\/seo\/ -->\n<title>Privacy Policy - mundialinvest.com<\/title>\n<meta name=\"robots\" content=\"index, follow, max-snippet:-1, max-image-preview:large, max-video-preview:-1\" \/>\n<link rel=\"canonical\" href=\"https:\/\/mundialinvest.com\/fr\/privacy-policy-2\/\" \/>\n<meta property=\"og:locale\" content=\"fr_FR\" \/>\n<meta property=\"og:type\" content=\"article\" \/>\n<meta property=\"og:title\" content=\"Privacy Policy - mundialinvest.com\" \/>\n<meta property=\"og:description\" content=\"This Privacy Policy governs the manner in which Mundial Invest collects, uses, maintains and discloses information collected from users. This privacy policy applies to the Site and all products and services offered by Mundial Invest. Personal identification information We may collect personal identification information from Users in a variety of ways in connection with activities, services, features or resources we make available on our ...\" \/>\n<meta property=\"og:url\" content=\"https:\/\/mundialinvest.com\/fr\/privacy-policy-2\/\" \/>\n<meta property=\"og:site_name\" content=\"mundialinvest.com\" \/>\n<meta property=\"article:modified_time\" content=\"2022-07-12T19:49:05+00:00\" \/>\n<meta name=\"twitter:card\" content=\"summary_large_image\" \/>\n<meta name=\"twitter:label1\" content=\"Dur\u00e9e de lecture estim\u00e9e\" \/>\n\t<meta name=\"twitter:data1\" content=\"2 minutes\" \/>\n<script type=\"application\/ld+json\" class=\"yoast-schema-graph\">{\"@context\":\"https:\/\/schema.org\",\"@graph\":[{\"@type\":\"WebPage\",\"@id\":\"https:\/\/mundialinvest.com\/privacy-policy-2\/\",\"url\":\"https:\/\/mundialinvest.com\/privacy-policy-2\/\",\"name\":\"Privacy Policy - mundialinvest.com\",\"isPartOf\":{\"@id\":\"https:\/\/mundialinvest.com\/#website\"},\"datePublished\":\"2014-05-24T13:54:01+00:00\",\"dateModified\":\"2022-07-12T19:49:05+00:00\",\"breadcrumb\":{\"@id\":\"https:\/\/mundialinvest.com\/privacy-policy-2\/#breadcrumb\"},\"inLanguage\":\"fr-FR\",\"potentialAction\":[{\"@type\":\"ReadAction\",\"target\":[\"https:\/\/mundialinvest.com\/privacy-policy-2\/\"]}]},{\"@type\":\"BreadcrumbList\",\"@id\":\"https:\/\/mundialinvest.com\/privacy-policy-2\/#breadcrumb\",\"itemListElement\":[{\"@type\":\"ListItem\",\"position\":1,\"name\":\"Home\",\"item\":\"https:\/\/mundialinvest.com\/\"},{\"@type\":\"ListItem\",\"position\":2,\"name\":\"Privacy Policy\"}]},{\"@type\":\"WebSite\",\"@id\":\"https:\/\/mundialinvest.com\/#website\",\"url\":\"https:\/\/mundialinvest.com\/\",\"name\":\"mundialinvest.com\",\"description\":\"Mundial Invest\",\"publisher\":{\"@id\":\"https:\/\/mundialinvest.com\/#organization\"},\"potentialAction\":[{\"@type\":\"SearchAction\",\"target\":{\"@type\":\"EntryPoint\",\"urlTemplate\":\"https:\/\/mundialinvest.com\/?s={search_term_string}\"},\"query-input\":\"required name=search_term_string\"}],\"inLanguage\":\"fr-FR\"},{\"@type\":\"Organization\",\"@id\":\"https:\/\/mundialinvest.com\/#organization\",\"name\":\"Mundial Invest\",\"url\":\"https:\/\/mundialinvest.com\/\",\"logo\":{\"@type\":\"ImageObject\",\"inLanguage\":\"fr-FR\",\"@id\":\"https:\/\/mundialinvest.com\/#\/schema\/logo\/image\/\",\"url\":\"http:\/\/mundialinvest.com\/wp-content\/uploads\/2022\/07\/Mundial-Invest-Logo-3-1-1-1.png\",\"contentUrl\":\"http:\/\/mundialinvest.com\/wp-content\/uploads\/2022\/07\/Mundial-Invest-Logo-3-1-1-1.png\",\"width\":260,\"height\":189,\"caption\":\"Mundial Invest\"},\"image\":{\"@id\":\"https:\/\/mundialinvest.com\/#\/schema\/logo\/image\/\"}}]}<\/script>\n<!-- \/ Yoast SEO plugin. -->","yoast_head_json":{"title":"Privacy Policy - mundialinvest.com","robots":{"index":"index","follow":"follow","max-snippet":"max-snippet:-1","max-image-preview":"max-image-preview:large","max-video-preview":"max-video-preview:-1"},"canonical":"https:\/\/mundialinvest.com\/fr\/privacy-policy-2\/","og_locale":"fr_FR","og_type":"article","og_title":"Privacy Policy - mundialinvest.com","og_description":"This Privacy Policy governs the manner in which Mundial Invest collects, uses, maintains and discloses information collected from users. This privacy policy applies to the Site and all products and services offered by Mundial Invest. Personal identification information We may collect personal identification information from Users in a variety of ways in connection with activities, services, features or resources we make available on our ...","og_url":"https:\/\/mundialinvest.com\/fr\/privacy-policy-2\/","og_site_name":"mundialinvest.com","article_modified_time":"2022-07-12T19:49:05+00:00","twitter_card":"summary_large_image","twitter_misc":{"Dur\u00e9e de lecture estim\u00e9e":"2 minutes"},"schema":{"@context":"https:\/\/schema.org","@graph":[{"@type":"WebPage","@id":"https:\/\/mundialinvest.com\/privacy-policy-2\/","url":"https:\/\/mundialinvest.com\/privacy-policy-2\/","name":"Privacy Policy - mundialinvest.com","isPartOf":{"@id":"https:\/\/mundialinvest.com\/#website"},"datePublished":"2014-05-24T13:54:01+00:00","dateModified":"2022-07-12T19:49:05+00:00","breadcrumb":{"@id":"https:\/\/mundialinvest.com\/privacy-policy-2\/#breadcrumb"},"inLanguage":"fr-FR","potentialAction":[{"@type":"ReadAction","target":["https:\/\/mundialinvest.com\/privacy-policy-2\/"]}]},{"@type":"BreadcrumbList","@id":"https:\/\/mundialinvest.com\/privacy-policy-2\/#breadcrumb","itemListElement":[{"@type":"ListItem","position":1,"name":"Home","item":"https:\/\/mundialinvest.com\/"},{"@type":"ListItem","position":2,"name":"Privacy Policy"}]},{"@type":"WebSite","@id":"https:\/\/mundialinvest.com\/#website","url":"https:\/\/mundialinvest.com\/","name":"mundialinvest.com","description":"Mundial Invest","publisher":{"@id":"https:\/\/mundialinvest.com\/#organization"},"potentialAction":[{"@type":"SearchAction","target":{"@type":"EntryPoint","urlTemplate":"https:\/\/mundialinvest.com\/?s={search_term_string}"},"query-input":"required name=search_term_string"}],"inLanguage":"fr-FR"},{"@type":"Organization","@id":"https:\/\/mundialinvest.com\/#organization","name":"Mundial Invest","url":"https:\/\/mundialinvest.com\/","logo":{"@type":"ImageObject","inLanguage":"fr-FR","@id":"https:\/\/mundialinvest.com\/#\/schema\/logo\/image\/","url":"http:\/\/mundialinvest.com\/wp-content\/uploads\/2022\/07\/Mundial-Invest-Logo-3-1-1-1.png","contentUrl":"http:\/\/mundialinvest.com\/wp-content\/uploads\/2022\/07\/Mundial-Invest-Logo-3-1-1-1.png","width":260,"height":189,"caption":"Mundial Invest"},"image":{"@id":"https:\/\/mundialinvest.com\/#\/schema\/logo\/image\/"}}]}},"_links":{"self":[{"href":"https:\/\/mundialinvest.com\/fr\/wp-json\/wp\/v2\/pages\/18153"}],"collection":[{"href":"https:\/\/mundialinvest.com\/fr\/wp-json\/wp\/v2\/pages"}],"about":[{"href":"https:\/\/mundialinvest.com\/fr\/wp-json\/wp\/v2\/types\/page"}],"author":[{"embeddable":true,"href":"https:\/\/mundialinvest.com\/fr\/wp-json\/wp\/v2\/users\/1"}],"replies":[{"embeddable":true,"href":"https:\/\/mundialinvest.com\/fr\/wp-json\/wp\/v2\/comments?post=18153"}],"version-history":[{"count":3,"href":"https:\/\/mundialinvest.com\/fr\/wp-json\/wp\/v2\/pages\/18153\/revisions"}],"predecessor-version":[{"id":21538,"href":"https:\/\/mundialinvest.com\/fr\/wp-json\/wp\/v2\/pages\/18153\/revisions\/21538"}],"wp:attachment":[{"href":"https:\/\/mundialinvest.com\/fr\/wp-json\/wp\/v2\/media?parent=18153"}],"curies":[{"name":"wp","href":"https:\/\/api.w.org\/{rel}","templated":true}]}}