{"id":20241,"date":"2022-07-03T17:26:35","date_gmt":"2022-07-03T17:26:35","guid":{"rendered":"https:\/\/swetele.com\/?page_id=20241"},"modified":"2022-07-28T07:24:08","modified_gmt":"2022-07-28T07:24:08","slug":"home-valuation","status":"publish","type":"page","link":"https:\/\/mundialinvest.com\/da\/home-valuation\/","title":{"rendered":"Boligvurdering"},"content":{"rendered":"<div data-elementor-type=\"wp-page\" data-elementor-id=\"20241\" class=\"elementor elementor-20241\">\n\t\t\t\t\t\t<section class=\"elementor-section elementor-top-section elementor-element elementor-element-3cef3daa elementor-section-content-middle elementor-section-stretched elementor-section-boxed elementor-section-height-default elementor-section-height-default\" data-id=\"3cef3daa\" data-element_type=\"section\" data-settings=\"{&quot;stretch_section&quot;:&quot;section-stretched&quot;,&quot;background_background&quot;:&quot;classic&quot;}\">\n\t\t\t\t\t\t\t<div class=\"elementor-background-overlay\"><\/div>\n\t\t\t\t\t\t\t<div class=\"elementor-container elementor-column-gap-no\">\n\t\t\t\t\t<div class=\"elementor-column elementor-col-100 elementor-top-column elementor-element elementor-element-4187c749\" data-id=\"4187c749\" data-element_type=\"column\">\n\t\t\t<div class=\"elementor-widget-wrap elementor-element-populated\">\n\t\t\t\t\t\t<section class=\"elementor-section elementor-inner-section elementor-element elementor-element-4385021f elementor-section-boxed elementor-section-height-default elementor-section-height-default\" data-id=\"4385021f\" data-element_type=\"section\">\n\t\t\t\t\t\t<div class=\"elementor-container elementor-column-gap-default\">\n\t\t\t\t\t<div class=\"elementor-column elementor-col-100 elementor-inner-column elementor-element elementor-element-49ff720f\" data-id=\"49ff720f\" data-element_type=\"column\">\n\t\t\t<div class=\"elementor-widget-wrap elementor-element-populated\">\n\t\t\t\t\t\t<div class=\"elementor-element elementor-element-487af553 animated-fast elementor-invisible elementor-widget elementor-widget-text-editor\" data-id=\"487af553\" data-element_type=\"widget\" data-settings=\"{&quot;_animation_delay&quot;:50,&quot;_animation&quot;:&quot;fadeIn&quot;}\" data-widget_type=\"text-editor.default\">\n\t\t\t\t<div class=\"elementor-widget-container\">\n\t\t\t<style>\/*! elementor - v3.21.0 - 30-04-2024 *\/\n.elementor-widget-text-editor.elementor-drop-cap-view-stacked .elementor-drop-cap{background-color:#69727d;color:#fff}.elementor-widget-text-editor.elementor-drop-cap-view-framed .elementor-drop-cap{color:#69727d;border:3px solid;background-color:transparent}.elementor-widget-text-editor:not(.elementor-drop-cap-view-default) .elementor-drop-cap{margin-top:8px}.elementor-widget-text-editor:not(.elementor-drop-cap-view-default) .elementor-drop-cap-letter{width:1em;height:1em}.elementor-widget-text-editor .elementor-drop-cap{float:left;text-align:center;line-height:1;font-size:50px}.elementor-widget-text-editor .elementor-drop-cap-letter{display:inline-block}<\/style>\t\t\t\tKontakt os i dag, hvis du vil vide mere om boligvurdering\t\t\t\t\t\t<\/div>\n\t\t\t\t<\/div>\n\t\t\t\t\t<\/div>\n\t\t<\/div>\n\t\t\t\t\t<\/div>\n\t\t<\/section>\n\t\t\t\t<section class=\"elementor-section elementor-inner-section elementor-element elementor-element-3cc1715d elementor-section-boxed elementor-section-height-default elementor-section-height-default\" data-id=\"3cc1715d\" data-element_type=\"section\">\n\t\t\t\t\t\t<div class=\"elementor-container elementor-column-gap-default\">\n\t\t\t\t\t<div class=\"elementor-column elementor-col-100 elementor-inner-column elementor-element elementor-element-17e8a45e\" data-id=\"17e8a45e\" data-element_type=\"column\" data-settings=\"{&quot;background_background&quot;:&quot;classic&quot;}\">\n\t\t\t<div class=\"elementor-widget-wrap elementor-element-populated\">\n\t\t\t\t\t\t<div class=\"elementor-element elementor-element-bca727 elementor-invisible elementor-widget elementor-widget-heading\" data-id=\"bca727\" data-element_type=\"widget\" data-settings=\"{&quot;_animation&quot;:&quot;fadeIn&quot;,&quot;_animation_delay&quot;:50}\" data-widget_type=\"heading.default\">\n\t\t\t\t<div class=\"elementor-widget-container\">\n\t\t\t<style>\/*! elementor - v3.21.0 - 30-04-2024 *\/\n.elementor-heading-title{padding:0;margin:0;line-height:1}.elementor-widget-heading .elementor-heading-title[class*=elementor-size-]>a{color:inherit;font-size:inherit;line-height:inherit}.elementor-widget-heading .elementor-heading-title.elementor-size-small{font-size:15px}.elementor-widget-heading .elementor-heading-title.elementor-size-medium{font-size:19px}.elementor-widget-heading .elementor-heading-title.elementor-size-large{font-size:29px}.elementor-widget-heading .elementor-heading-title.elementor-size-xl{font-size:39px}.elementor-widget-heading .elementor-heading-title.elementor-size-xxl{font-size:59px}<\/style><h2 class=\"elementor-heading-title elementor-size-default\">30 \u00e5rs erfaring med luksusejendomme\n<\/h2>\t\t<\/div>\n\t\t\t\t<\/div>\n\t\t\t\t<div class=\"elementor-element elementor-element-42b12337 elementor-invisible elementor-widget elementor-widget-text-editor\" data-id=\"42b12337\" data-element_type=\"widget\" data-settings=\"{&quot;_animation&quot;:&quot;fadeIn&quot;,&quot;_animation_delay&quot;:50}\" data-widget_type=\"text-editor.default\">\n\t\t\t\t<div class=\"elementor-widget-container\">\n\t\t\t\t\t\t\tDet f\u00f8rste skridt til at s\u00e6lge dit spanske hjem er at f\u00e5 en dygtig lokal ejendomsm\u00e6gler, s\u00e5som Mundial Invest, til at give dig en CMA eller en sammenlignende markedsanalyse.\t\t\t\t\t\t<\/div>\n\t\t\t\t<\/div>\n\t\t\t\t<div class=\"elementor-element elementor-element-2ad36276 elementor-button-align-stretch elementor-widget elementor-widget-WpResidence_Contact_Form_Builder\" data-id=\"2ad36276\" data-element_type=\"widget\" data-widget_type=\"WpResidence_Contact_Form_Builder.default\">\n\t\t\t\t<div class=\"elementor-widget-container\">\n\t\t\t\n\n\n\n\n        <form class=\"elementor-form wpresidence_elementor_form\"  id=\"wpresidence-elementor-form-2ad36276\" method=\"post\" action=\"\" >\n            <div class=\"alert-box error\">\n                <div class=\"alert-message\" id=\"alert-agent-contact\"><\/div>\n            <\/div>\n            <input name=\"prop_id\" type=\"hidden\"  id=\"agent_property_id\" value=\"\">\n            <input name=\"prop_id\" type=\"hidden\"  id=\"agent_id\" value=\"\">\n            <input name=\"prop_id\" type=\"hidden\"  id=\"contact_form_elementor\" value=\"1\">\n            <input type=\"hidden\" name=\"contact_ajax_nonce\" id=\"agent_property_ajax_nonce\"  value=\"6b6fcfa2fb\" \/>\n\n            \n            \n            <input type=\"hidden\" id=\"wpresidence_form_id\" name=\"wpresidence_form_id\" value=\"wpresidence_form_3329\" \/>\n        \n            <input type=\"hidden\" id=\"elementor_email_subject\" name=\"email_suject\" value=\"New email from &quot;WpResidence Real Estate Demo&quot; \" \/>\n\n\n            <div class=\"elementor-form-fields-wrapper elementor-labels-above\">\n        <div class=\"elementor-field-group elementor-column form-group elementor-field-group-name elementor-col-50\"><label for=\"form-field-name\" class=\"elementor-field-label elementor-screen-only\">Navn<\/label><input type=\"text\" name=\"name\" id=\"form-field-name\" class=\"elementor-field form-control elementor-size-sm elementor-field-textual\" placeholder=\"Navn\"><\/div><div class=\"elementor-field-group elementor-column form-group elementor-field-group-5739027 elementor-col-50\"><label for=\"form-field-5739027\" class=\"elementor-field-label elementor-screen-only\">Mobil<\/label><input type=\"text\" name=\"mobile\" id=\"form-field-5739027\" class=\"elementor-field form-control elementor-size-sm elementor-field-textual\" placeholder=\"Mobil\"><\/div><div class=\"elementor-field-group elementor-column form-group elementor-field-group-email elementor-field-required elementor-col-50\"><label for=\"form-field-email\" class=\"elementor-field-label elementor-screen-only\">E-mail*<\/label><input type=\"email\" name=\"email\" id=\"form-field-email\" class=\"elementor-field form-control elementor-size-sm elementor-field-textual\" required=\"required\" placeholder=\"E-mail\"><\/div><div class=\"elementor-field-group elementor-column form-group elementor-field-group-1fd94c1 elementor-field-required elementor-col-50\"><label for=\"form-field-1fd94c1\" class=\"elementor-field-label elementor-screen-only\">By*<\/label><input type=\"text\" name=\"city\" id=\"form-field-1fd94c1\" class=\"elementor-field form-control elementor-size-sm elementor-field-textual\" required=\"required\" placeholder=\"By\"><\/div><div class=\"elementor-field-group elementor-column form-group elementor-field-group-message elementor-col-100\"><label for=\"form-field-message\" class=\"elementor-field-label elementor-screen-only\">Besked<\/label><textarea class=\"form-control elementor-field-textual elementor-field elementor-size-sm\" name=\"message\" id=\"form-field-message\" rows=\"4\" placeholder=\"Besked\"><\/textarea><\/div>\n                <div class=\"elementor-field-group elementor-column elementor-field-type-submit elementor-col-100\">\n                            <button type=\"submit\" class=\"agent_submit_class_elementor wpresidence_button wpresidence_button_elementor elementor-button elementor-size-md\">\n                    Send e-mail                            <\/button>\n\n                <\/div>\n            <\/div>\n\n\n\n        <input type=\"hidden\" name=\"trp-form-language\" value=\"da\"\/><\/form>\n\n\n\n\n        \t\t<\/div>\n\t\t\t\t<\/div>\n\t\t\t\t\t<\/div>\n\t\t<\/div>\n\t\t\t\t\t<\/div>\n\t\t<\/section>\n\t\t\t\t\t<\/div>\n\t\t<\/div>\n\t\t\t\t\t<\/div>\n\t\t<\/section>\n\t\t\t\t<\/div>","protected":false},"excerpt":{"rendered":"<p>Kontakt os i dag, hvis du gerne vil vide mere om boligvurdering 30 \u00e5rs erfaring med luksusejendomme Det f\u00f8rste skridt til at s\u00e6lge dit spanske hjem er at f\u00e5 en dygtig lokal ejendomsm\u00e6gler s\u00e5som Mundial Invest til at give dig en CMA eller sammenlignende markedsanalyse. NavnMobilE-mail*By*Besked Send e-mail<\/p>","protected":false},"author":1,"featured_media":0,"parent":0,"menu_order":0,"comment_status":"closed","ping_status":"closed","template":"elementor_header_footer","meta":{"om_disable_all_campaigns":false,"_monsterinsights_skip_tracking":false,"_monsterinsights_sitenote_active":false,"_monsterinsights_sitenote_note":"","_monsterinsights_sitenote_category":0,"footnotes":""},"class_list":["post-20241","page","type-page","status-publish","hentry"],"aioseo_notices":[],"yoast_head":"<!-- This site is optimized with the Yoast SEO plugin v22.6 - https:\/\/yoast.com\/wordpress\/plugins\/seo\/ -->\n<title>Home Valuation - mundialinvest.com<\/title>\n<meta name=\"description\" content=\"The first step to selling your Spanish home is to get a skilled local Real Estate professional such as the Mundial Invest to provide you with a CMA or Comparative Market Analysis.\" \/>\n<meta name=\"robots\" content=\"index, follow, max-snippet:-1, max-image-preview:large, max-video-preview:-1\" \/>\n<link rel=\"canonical\" href=\"https:\/\/mundialinvest.com\/da\/home-valuation\/\" \/>\n<meta property=\"og:locale\" content=\"da_DK\" \/>\n<meta property=\"og:type\" content=\"article\" \/>\n<meta property=\"og:title\" content=\"Home Valuation - mundialinvest.com\" \/>\n<meta property=\"og:description\" content=\"The first step to selling your Spanish home is to get a skilled local Real Estate professional such as the Mundial Invest to provide you with a CMA or Comparative Market Analysis.\" \/>\n<meta property=\"og:url\" content=\"https:\/\/mundialinvest.com\/da\/home-valuation\/\" \/>\n<meta property=\"og:site_name\" content=\"mundialinvest.com\" \/>\n<meta property=\"article:modified_time\" content=\"2022-07-28T07:24:08+00:00\" \/>\n<meta name=\"twitter:card\" content=\"summary_large_image\" \/>\n<meta name=\"twitter:label1\" content=\"Estimeret l\u00e6setid\" \/>\n\t<meta name=\"twitter:data1\" content=\"1 minut\" \/>\n<script type=\"application\/ld+json\" class=\"yoast-schema-graph\">{\"@context\":\"https:\/\/schema.org\",\"@graph\":[{\"@type\":\"WebPage\",\"@id\":\"https:\/\/mundialinvest.com\/home-valuation\/\",\"url\":\"https:\/\/mundialinvest.com\/home-valuation\/\",\"name\":\"Home Valuation - mundialinvest.com\",\"isPartOf\":{\"@id\":\"https:\/\/mundialinvest.com\/#website\"},\"datePublished\":\"2022-07-03T17:26:35+00:00\",\"dateModified\":\"2022-07-28T07:24:08+00:00\",\"description\":\"The first step to selling your Spanish home is to get a skilled local Real Estate professional such as the Mundial Invest to provide you with a CMA or Comparative Market Analysis.\",\"breadcrumb\":{\"@id\":\"https:\/\/mundialinvest.com\/home-valuation\/#breadcrumb\"},\"inLanguage\":\"da-DK\",\"potentialAction\":[{\"@type\":\"ReadAction\",\"target\":[\"https:\/\/mundialinvest.com\/home-valuation\/\"]}]},{\"@type\":\"BreadcrumbList\",\"@id\":\"https:\/\/mundialinvest.com\/home-valuation\/#breadcrumb\",\"itemListElement\":[{\"@type\":\"ListItem\",\"position\":1,\"name\":\"Home\",\"item\":\"https:\/\/mundialinvest.com\/\"},{\"@type\":\"ListItem\",\"position\":2,\"name\":\"Home Valuation\"}]},{\"@type\":\"WebSite\",\"@id\":\"https:\/\/mundialinvest.com\/#website\",\"url\":\"https:\/\/mundialinvest.com\/\",\"name\":\"mundialinvest.com\",\"description\":\"Mundial Invest\",\"publisher\":{\"@id\":\"https:\/\/mundialinvest.com\/#organization\"},\"potentialAction\":[{\"@type\":\"SearchAction\",\"target\":{\"@type\":\"EntryPoint\",\"urlTemplate\":\"https:\/\/mundialinvest.com\/?s={search_term_string}\"},\"query-input\":\"required name=search_term_string\"}],\"inLanguage\":\"da-DK\"},{\"@type\":\"Organization\",\"@id\":\"https:\/\/mundialinvest.com\/#organization\",\"name\":\"Mundial Invest\",\"url\":\"https:\/\/mundialinvest.com\/\",\"logo\":{\"@type\":\"ImageObject\",\"inLanguage\":\"da-DK\",\"@id\":\"https:\/\/mundialinvest.com\/#\/schema\/logo\/image\/\",\"url\":\"http:\/\/mundialinvest.com\/wp-content\/uploads\/2022\/07\/Mundial-Invest-Logo-3-1-1-1.png\",\"contentUrl\":\"http:\/\/mundialinvest.com\/wp-content\/uploads\/2022\/07\/Mundial-Invest-Logo-3-1-1-1.png\",\"width\":260,\"height\":189,\"caption\":\"Mundial Invest\"},\"image\":{\"@id\":\"https:\/\/mundialinvest.com\/#\/schema\/logo\/image\/\"}}]}<\/script>\n<!-- \/ Yoast SEO plugin. -->","yoast_head_json":{"title":"Home Valuation - mundialinvest.com","description":"The first step to selling your Spanish home is to get a skilled local Real Estate professional such as the Mundial Invest to provide you with a CMA or Comparative Market Analysis.","robots":{"index":"index","follow":"follow","max-snippet":"max-snippet:-1","max-image-preview":"max-image-preview:large","max-video-preview":"max-video-preview:-1"},"canonical":"https:\/\/mundialinvest.com\/da\/home-valuation\/","og_locale":"da_DK","og_type":"article","og_title":"Home Valuation - mundialinvest.com","og_description":"The first step to selling your Spanish home is to get a skilled local Real Estate professional such as the Mundial Invest to provide you with a CMA or Comparative Market Analysis.","og_url":"https:\/\/mundialinvest.com\/da\/home-valuation\/","og_site_name":"mundialinvest.com","article_modified_time":"2022-07-28T07:24:08+00:00","twitter_card":"summary_large_image","twitter_misc":{"Estimeret l\u00e6setid":"1 minut"},"schema":{"@context":"https:\/\/schema.org","@graph":[{"@type":"WebPage","@id":"https:\/\/mundialinvest.com\/home-valuation\/","url":"https:\/\/mundialinvest.com\/home-valuation\/","name":"Home Valuation - mundialinvest.com","isPartOf":{"@id":"https:\/\/mundialinvest.com\/#website"},"datePublished":"2022-07-03T17:26:35+00:00","dateModified":"2022-07-28T07:24:08+00:00","description":"The first step to selling your Spanish home is to get a skilled local Real Estate professional such as the Mundial Invest to provide you with a CMA or Comparative Market Analysis.","breadcrumb":{"@id":"https:\/\/mundialinvest.com\/home-valuation\/#breadcrumb"},"inLanguage":"da-DK","potentialAction":[{"@type":"ReadAction","target":["https:\/\/mundialinvest.com\/home-valuation\/"]}]},{"@type":"BreadcrumbList","@id":"https:\/\/mundialinvest.com\/home-valuation\/#breadcrumb","itemListElement":[{"@type":"ListItem","position":1,"name":"Home","item":"https:\/\/mundialinvest.com\/"},{"@type":"ListItem","position":2,"name":"Home Valuation"}]},{"@type":"WebSite","@id":"https:\/\/mundialinvest.com\/#website","url":"https:\/\/mundialinvest.com\/","name":"mundialinvest.com","description":"Mundial Invest","publisher":{"@id":"https:\/\/mundialinvest.com\/#organization"},"potentialAction":[{"@type":"SearchAction","target":{"@type":"EntryPoint","urlTemplate":"https:\/\/mundialinvest.com\/?s={search_term_string}"},"query-input":"required name=search_term_string"}],"inLanguage":"da-DK"},{"@type":"Organization","@id":"https:\/\/mundialinvest.com\/#organization","name":"Mundial Invest","url":"https:\/\/mundialinvest.com\/","logo":{"@type":"ImageObject","inLanguage":"da-DK","@id":"https:\/\/mundialinvest.com\/#\/schema\/logo\/image\/","url":"http:\/\/mundialinvest.com\/wp-content\/uploads\/2022\/07\/Mundial-Invest-Logo-3-1-1-1.png","contentUrl":"http:\/\/mundialinvest.com\/wp-content\/uploads\/2022\/07\/Mundial-Invest-Logo-3-1-1-1.png","width":260,"height":189,"caption":"Mundial Invest"},"image":{"@id":"https:\/\/mundialinvest.com\/#\/schema\/logo\/image\/"}}]}},"_links":{"self":[{"href":"https:\/\/mundialinvest.com\/da\/wp-json\/wp\/v2\/pages\/20241"}],"collection":[{"href":"https:\/\/mundialinvest.com\/da\/wp-json\/wp\/v2\/pages"}],"about":[{"href":"https:\/\/mundialinvest.com\/da\/wp-json\/wp\/v2\/types\/page"}],"author":[{"embeddable":true,"href":"https:\/\/mundialinvest.com\/da\/wp-json\/wp\/v2\/users\/1"}],"replies":[{"embeddable":true,"href":"https:\/\/mundialinvest.com\/da\/wp-json\/wp\/v2\/comments?post=20241"}],"version-history":[{"count":18,"href":"https:\/\/mundialinvest.com\/da\/wp-json\/wp\/v2\/pages\/20241\/revisions"}],"predecessor-version":[{"id":24486,"href":"https:\/\/mundialinvest.com\/da\/wp-json\/wp\/v2\/pages\/20241\/revisions\/24486"}],"wp:attachment":[{"href":"https:\/\/mundialinvest.com\/da\/wp-json\/wp\/v2\/media?parent=20241"}],"curies":[{"name":"wp","href":"https:\/\/api.w.org\/{rel}","templated":true}]}}