{"id":18153,"date":"2014-05-24T13:54:01","date_gmt":"2014-05-24T13:54:01","guid":{"rendered":"https:\/\/swetele.com\/?page_id=18153"},"modified":"2022-07-12T19:49:05","modified_gmt":"2022-07-12T19:49:05","slug":"privacy-policy-2","status":"publish","type":"page","link":"https:\/\/mundialinvest.com\/da\/privacy-policy-2\/","title":{"rendered":"Fortrolighedspolitik"},"content":{"rendered":"<p>Denne privatlivspolitik regulerer den m\u00e5de, hvorp\u00e5 Mundial Invest indsamler, bruger, vedligeholder og videregiver oplysninger indsamlet fra brugere. Denne privatlivspolitik g\u00e6lder for webstedet og alle produkter og tjenester, der tilbydes af Mundial Invest.<\/p>\n<p><b>Personlige identifikationsoplysninger<\/b><\/p>\n<p>Vi kan indsamle personlige identifikationsoplysninger fra brugere p\u00e5 en r\u00e6kke forskellige m\u00e5der i forbindelse med aktiviteter, tjenester, funktioner eller ressourcer, vi g\u00f8r tilg\u00e6ngelige p\u00e5 vores websted. Brugere kan bes\u00f8ge vores websted anonymt. Vi vil kun indsamle personlige identifikationsoplysninger fra brugere, hvis de frivilligt indsender s\u00e5danne oplysninger til os. Brugere kan altid n\u00e6gte at levere personlige identifikationsoplysninger, bortset fra at det kan forhindre dem i at deltage i visse webstedsrelaterede aktiviteter.<\/p>\n<p><b>Ikke-personlige identifikationsoplysninger<\/b><\/p>\n<p>Vi kan indsamle ikke-personlige identifikationsoplysninger om brugere, n\u00e5r de interagerer med vores websted. Ikke-personlige identifikationsoplysninger kan omfatte browsernavnet, typen af computer og tekniske oplysninger om Brugernes midler til forbindelse til vores websted, s\u00e5som operativsystemet og de anvendte internetudbydere og andre lignende oplysninger.<\/p>\n<p><b>Webbrowser cookies<\/b><\/p>\n<p>Vores websted kan bruge cookies til at forbedre brugeroplevelsen. Brugerens webbrowser placerer cookies p\u00e5 deres harddisk til registreringsform\u00e5l og nogle gange for at spore oplysninger om dem. Brugeren kan v\u00e6lge at indstille deres webbrowser til at afvise cookies eller til at advare dig, n\u00e5r der sendes cookies. Hvis de g\u00f8r det, skal du v\u00e6re opm\u00e6rksom p\u00e5, at nogle dele af webstedet muligvis ikke fungerer korrekt.<\/p>\n<p><b>Hvordan vi beskytter dine oplysninger<\/b><\/p>\n<p>Vi vedtager passende dataindsamling, opbevaring og behandlingspraksis og sikkerhedsforanstaltninger for at beskytte mod uautoriseret adgang, \u00e6ndring, offentligg\u00f8relse eller \u00f8del\u00e6ggelse af dine personlige oplysninger, brugernavn, adgangskode, transaktionsoplysninger og data gemt p\u00e5 vores websted.<\/p>\n<p><b>Deling af dine personlige oplysninger<\/b><\/p>\n<p>Vi s\u00e6lger, bytter eller udlejer ikke brugeres personlige identifikationsoplysninger til andre. Vi kan dele generiske aggregerede demografiske oplysninger, der ikke er knyttet til nogen personlige identifikationsoplysninger vedr\u00f8rende bes\u00f8gende og brugere, med vores forretningspartnere, betroede associerede selskaber og annonc\u00f8rer til de form\u00e5l, der er beskrevet ovenfor.<\/p>\n<p><b>\u00c6ndringer i denne privatlivspolitik<\/b><\/p>\n<p>Real Estate WordPress Theme har bef\u00f8jelsen til at opdatere denne privatlivspolitik til enhver tid. N\u00e5r vi g\u00f8r det, vil vi revidere den opdaterede dato nederst p\u00e5 denne side. Vi opfordrer brugere til j\u00e6vnligt at tjekke denne side for \u00e6ndringer for at holde sig orienteret om, hvordan vi hj\u00e6lper med at beskytte de personlige oplysninger, vi indsamler. Du anerkender og accepterer, at det er dit ansvar at gennemg\u00e5 denne fortrolighedspolitik med j\u00e6vne mellemrum og blive opm\u00e6rksom p\u00e5 \u00e6ndringer.<\/p>\n<p><b>Din accept af disse vilk\u00e5r<\/b><\/p>\n<p>Ved at bruge dette websted, bekr\u00e6fter du din accept af denne politik. Hvis du ikke accepterer denne politik, skal du ikke bruge vores websted. Din fortsatte brug af webstedet efter offentligg\u00f8relsen af \u00e6ndringer til denne politik vil blive betragtet som din accept af disse \u00e6ndringer.<\/p>","protected":false},"excerpt":{"rendered":"<p>This Privacy Policy governs the manner in which Mundial Invest collects, uses, maintains and discloses information collected from users. This privacy policy applies to the Site and all products and services offered by Mundial Invest. Personal identification information We may collect personal identification information from Users in a variety of ways in connection with activities, services, features or resources we make available on our &#8230;<\/p>","protected":false},"author":1,"featured_media":0,"parent":0,"menu_order":0,"comment_status":"closed","ping_status":"closed","template":"","meta":{"om_disable_all_campaigns":false,"_monsterinsights_skip_tracking":false,"_monsterinsights_sitenote_active":false,"_monsterinsights_sitenote_note":"","_monsterinsights_sitenote_category":0,"footnotes":""},"class_list":["post-18153","page","type-page","status-publish","hentry"],"aioseo_notices":[],"yoast_head":"<!-- This site is optimized with the Yoast SEO plugin v22.6 - https:\/\/yoast.com\/wordpress\/plugins\/seo\/ -->\n<title>Privacy Policy - mundialinvest.com<\/title>\n<meta name=\"robots\" content=\"index, follow, max-snippet:-1, max-image-preview:large, max-video-preview:-1\" \/>\n<link rel=\"canonical\" href=\"https:\/\/mundialinvest.com\/da\/privacy-policy-2\/\" \/>\n<meta property=\"og:locale\" content=\"da_DK\" \/>\n<meta property=\"og:type\" content=\"article\" \/>\n<meta property=\"og:title\" content=\"Privacy Policy - mundialinvest.com\" \/>\n<meta property=\"og:description\" content=\"This Privacy Policy governs the manner in which Mundial Invest collects, uses, maintains and discloses information collected from users. This privacy policy applies to the Site and all products and services offered by Mundial Invest. Personal identification information We may collect personal identification information from Users in a variety of ways in connection with activities, services, features or resources we make available on our ...\" \/>\n<meta property=\"og:url\" content=\"https:\/\/mundialinvest.com\/da\/privacy-policy-2\/\" \/>\n<meta property=\"og:site_name\" content=\"mundialinvest.com\" \/>\n<meta property=\"article:modified_time\" content=\"2022-07-12T19:49:05+00:00\" \/>\n<meta name=\"twitter:card\" content=\"summary_large_image\" \/>\n<meta name=\"twitter:label1\" content=\"Estimeret l\u00e6setid\" \/>\n\t<meta name=\"twitter:data1\" content=\"2 minutter\" \/>\n<script type=\"application\/ld+json\" class=\"yoast-schema-graph\">{\"@context\":\"https:\/\/schema.org\",\"@graph\":[{\"@type\":\"WebPage\",\"@id\":\"https:\/\/mundialinvest.com\/privacy-policy-2\/\",\"url\":\"https:\/\/mundialinvest.com\/privacy-policy-2\/\",\"name\":\"Privacy Policy - mundialinvest.com\",\"isPartOf\":{\"@id\":\"https:\/\/mundialinvest.com\/#website\"},\"datePublished\":\"2014-05-24T13:54:01+00:00\",\"dateModified\":\"2022-07-12T19:49:05+00:00\",\"breadcrumb\":{\"@id\":\"https:\/\/mundialinvest.com\/privacy-policy-2\/#breadcrumb\"},\"inLanguage\":\"da-DK\",\"potentialAction\":[{\"@type\":\"ReadAction\",\"target\":[\"https:\/\/mundialinvest.com\/privacy-policy-2\/\"]}]},{\"@type\":\"BreadcrumbList\",\"@id\":\"https:\/\/mundialinvest.com\/privacy-policy-2\/#breadcrumb\",\"itemListElement\":[{\"@type\":\"ListItem\",\"position\":1,\"name\":\"Home\",\"item\":\"https:\/\/mundialinvest.com\/\"},{\"@type\":\"ListItem\",\"position\":2,\"name\":\"Privacy Policy\"}]},{\"@type\":\"WebSite\",\"@id\":\"https:\/\/mundialinvest.com\/#website\",\"url\":\"https:\/\/mundialinvest.com\/\",\"name\":\"mundialinvest.com\",\"description\":\"Mundial Invest\",\"publisher\":{\"@id\":\"https:\/\/mundialinvest.com\/#organization\"},\"potentialAction\":[{\"@type\":\"SearchAction\",\"target\":{\"@type\":\"EntryPoint\",\"urlTemplate\":\"https:\/\/mundialinvest.com\/?s={search_term_string}\"},\"query-input\":\"required name=search_term_string\"}],\"inLanguage\":\"da-DK\"},{\"@type\":\"Organization\",\"@id\":\"https:\/\/mundialinvest.com\/#organization\",\"name\":\"Mundial Invest\",\"url\":\"https:\/\/mundialinvest.com\/\",\"logo\":{\"@type\":\"ImageObject\",\"inLanguage\":\"da-DK\",\"@id\":\"https:\/\/mundialinvest.com\/#\/schema\/logo\/image\/\",\"url\":\"http:\/\/mundialinvest.com\/wp-content\/uploads\/2022\/07\/Mundial-Invest-Logo-3-1-1-1.png\",\"contentUrl\":\"http:\/\/mundialinvest.com\/wp-content\/uploads\/2022\/07\/Mundial-Invest-Logo-3-1-1-1.png\",\"width\":260,\"height\":189,\"caption\":\"Mundial Invest\"},\"image\":{\"@id\":\"https:\/\/mundialinvest.com\/#\/schema\/logo\/image\/\"}}]}<\/script>\n<!-- \/ Yoast SEO plugin. -->","yoast_head_json":{"title":"Privacy Policy - mundialinvest.com","robots":{"index":"index","follow":"follow","max-snippet":"max-snippet:-1","max-image-preview":"max-image-preview:large","max-video-preview":"max-video-preview:-1"},"canonical":"https:\/\/mundialinvest.com\/da\/privacy-policy-2\/","og_locale":"da_DK","og_type":"article","og_title":"Privacy Policy - mundialinvest.com","og_description":"This Privacy Policy governs the manner in which Mundial Invest collects, uses, maintains and discloses information collected from users. This privacy policy applies to the Site and all products and services offered by Mundial Invest. Personal identification information We may collect personal identification information from Users in a variety of ways in connection with activities, services, features or resources we make available on our ...","og_url":"https:\/\/mundialinvest.com\/da\/privacy-policy-2\/","og_site_name":"mundialinvest.com","article_modified_time":"2022-07-12T19:49:05+00:00","twitter_card":"summary_large_image","twitter_misc":{"Estimeret l\u00e6setid":"2 minutter"},"schema":{"@context":"https:\/\/schema.org","@graph":[{"@type":"WebPage","@id":"https:\/\/mundialinvest.com\/privacy-policy-2\/","url":"https:\/\/mundialinvest.com\/privacy-policy-2\/","name":"Privacy Policy - mundialinvest.com","isPartOf":{"@id":"https:\/\/mundialinvest.com\/#website"},"datePublished":"2014-05-24T13:54:01+00:00","dateModified":"2022-07-12T19:49:05+00:00","breadcrumb":{"@id":"https:\/\/mundialinvest.com\/privacy-policy-2\/#breadcrumb"},"inLanguage":"da-DK","potentialAction":[{"@type":"ReadAction","target":["https:\/\/mundialinvest.com\/privacy-policy-2\/"]}]},{"@type":"BreadcrumbList","@id":"https:\/\/mundialinvest.com\/privacy-policy-2\/#breadcrumb","itemListElement":[{"@type":"ListItem","position":1,"name":"Home","item":"https:\/\/mundialinvest.com\/"},{"@type":"ListItem","position":2,"name":"Privacy Policy"}]},{"@type":"WebSite","@id":"https:\/\/mundialinvest.com\/#website","url":"https:\/\/mundialinvest.com\/","name":"mundialinvest.com","description":"Mundial Invest","publisher":{"@id":"https:\/\/mundialinvest.com\/#organization"},"potentialAction":[{"@type":"SearchAction","target":{"@type":"EntryPoint","urlTemplate":"https:\/\/mundialinvest.com\/?s={search_term_string}"},"query-input":"required name=search_term_string"}],"inLanguage":"da-DK"},{"@type":"Organization","@id":"https:\/\/mundialinvest.com\/#organization","name":"Mundial Invest","url":"https:\/\/mundialinvest.com\/","logo":{"@type":"ImageObject","inLanguage":"da-DK","@id":"https:\/\/mundialinvest.com\/#\/schema\/logo\/image\/","url":"http:\/\/mundialinvest.com\/wp-content\/uploads\/2022\/07\/Mundial-Invest-Logo-3-1-1-1.png","contentUrl":"http:\/\/mundialinvest.com\/wp-content\/uploads\/2022\/07\/Mundial-Invest-Logo-3-1-1-1.png","width":260,"height":189,"caption":"Mundial Invest"},"image":{"@id":"https:\/\/mundialinvest.com\/#\/schema\/logo\/image\/"}}]}},"_links":{"self":[{"href":"https:\/\/mundialinvest.com\/da\/wp-json\/wp\/v2\/pages\/18153"}],"collection":[{"href":"https:\/\/mundialinvest.com\/da\/wp-json\/wp\/v2\/pages"}],"about":[{"href":"https:\/\/mundialinvest.com\/da\/wp-json\/wp\/v2\/types\/page"}],"author":[{"embeddable":true,"href":"https:\/\/mundialinvest.com\/da\/wp-json\/wp\/v2\/users\/1"}],"replies":[{"embeddable":true,"href":"https:\/\/mundialinvest.com\/da\/wp-json\/wp\/v2\/comments?post=18153"}],"version-history":[{"count":3,"href":"https:\/\/mundialinvest.com\/da\/wp-json\/wp\/v2\/pages\/18153\/revisions"}],"predecessor-version":[{"id":21538,"href":"https:\/\/mundialinvest.com\/da\/wp-json\/wp\/v2\/pages\/18153\/revisions\/21538"}],"wp:attachment":[{"href":"https:\/\/mundialinvest.com\/da\/wp-json\/wp\/v2\/media?parent=18153"}],"curies":[{"name":"wp","href":"https:\/\/api.w.org\/{rel}","templated":true}]}}